{"id":108,"date":"2019-10-22T21:31:13","date_gmt":"2019-10-22T19:31:13","guid":{"rendered":"http:\/\/christophe.valmir.name\/?page_id=108"},"modified":"2019-10-23T12:40:47","modified_gmt":"2019-10-23T10:40:47","slug":"resurexio1","status":"publish","type":"page","link":"https:\/\/christophe.valmir.name\/?page_id=108","title":{"rendered":"Resurexio1"},"content":{"rendered":"\n<p>Cr\u00e9er en 2005, le logiciel Resurexio1, appel\u00e9 \u00e0 l&rsquo;origine AtiseSafe, servait de sauvegarde d&rsquo;une cl\u00e9 USB vers un Serveur automatiquement sans install\u00e9 de logiciel sur le PC. Nous avions tr\u00e8s vite compris l&rsquo;importance de synchroniser une cl\u00e9 USB avec un PC et synchroniser un PC avec un autre PC. Par exemple, le PC de l&rsquo;entreprise et le PC de la maison pour les chefs d&rsquo;entreprise. Cette technique n&rsquo;existait pas \u00e0 l&rsquo;\u00e9poque o\u00f9 le cloud en \u00e9tait qu&rsquo;a ses premiers essais.<\/p>\n\n\n\n<p>Les d\u00e9fis technologiques de resurexio1:<\/p>\n\n\n\n<ul><li>Synchronisation entre 2 PCs en g\u00e9rant les conflits sous le langage CAML + C++ + QT4<\/li><li>Synchronisation en \u00ab\u00a0Temps R\u00e9el\u00a0\u00bb<\/li><li>Cr\u00e9er une cha\u00eene de production<\/li><li>Cr\u00e9er une site pouvant r\u00e9cup\u00e9rer les donn\u00e9es ( Abandonner \u00e7a pouvait provoquer des trous de s\u00e9curit\u00e9).<\/li><li>Cr\u00e9ation de la compartimentage des diffamantes applications que nous utilisions. Comme docker n&rsquo;existait pas nous utilisions un chroot avec SElinux et armor.<\/li><li>Compartimentage de chaque donn\u00e9es clients, \u00e7a limite tr\u00e8s fortement la fuite de donn\u00e9es, par contre le partage devient probl\u00e9matique.<\/li><li>Installation des monitorings sous nagios + serveur de mail.<\/li><li>Am\u00e9lioration de l&rsquo;entropie ( calcul al\u00e9atoire utilis\u00e9 pour faire des cl\u00e9s acc\u00e8s ) qui est un r\u00e9el soucis m\u00eame en 2019.<\/li><li>S\u00e9curisation via tunnel SSH avec des cl\u00e9s RSA de 4K.<\/li><\/ul>\n","protected":false},"excerpt":{"rendered":"<p>Cr\u00e9er en 2005, le logiciel Resurexio1, appel\u00e9 \u00e0 l&rsquo;origine AtiseSafe, servait de sauvegarde d&rsquo;une cl\u00e9 USB vers un Serveur automatiquement sans install\u00e9 de logiciel sur le PC. Nous avions tr\u00e8s vite compris l&rsquo;importance de synchroniser une cl\u00e9 USB avec un PC et synchroniser un PC avec un autre PC. Par exemple, le PC de l&rsquo;entreprise<\/p>\n<p><a href=\"https:\/\/christophe.valmir.name\/?page_id=108\" class=\"more-link\">Lire la suite<\/a><\/p>\n","protected":false},"author":1,"featured_media":0,"parent":95,"menu_order":0,"comment_status":"closed","ping_status":"closed","template":"","meta":{"footnotes":""},"_links":{"self":[{"href":"https:\/\/christophe.valmir.name\/index.php?rest_route=\/wp\/v2\/pages\/108"}],"collection":[{"href":"https:\/\/christophe.valmir.name\/index.php?rest_route=\/wp\/v2\/pages"}],"about":[{"href":"https:\/\/christophe.valmir.name\/index.php?rest_route=\/wp\/v2\/types\/page"}],"author":[{"embeddable":true,"href":"https:\/\/christophe.valmir.name\/index.php?rest_route=\/wp\/v2\/users\/1"}],"replies":[{"embeddable":true,"href":"https:\/\/christophe.valmir.name\/index.php?rest_route=%2Fwp%2Fv2%2Fcomments&post=108"}],"version-history":[{"count":6,"href":"https:\/\/christophe.valmir.name\/index.php?rest_route=\/wp\/v2\/pages\/108\/revisions"}],"predecessor-version":[{"id":154,"href":"https:\/\/christophe.valmir.name\/index.php?rest_route=\/wp\/v2\/pages\/108\/revisions\/154"}],"up":[{"embeddable":true,"href":"https:\/\/christophe.valmir.name\/index.php?rest_route=\/wp\/v2\/pages\/95"}],"wp:attachment":[{"href":"https:\/\/christophe.valmir.name\/index.php?rest_route=%2Fwp%2Fv2%2Fmedia&parent=108"}],"curies":[{"name":"wp","href":"https:\/\/api.w.org\/{rel}","templated":true}]}}