{"id":112,"date":"2019-10-22T21:32:20","date_gmt":"2019-10-22T19:32:20","guid":{"rendered":"http:\/\/christophe.valmir.name\/?page_id=112"},"modified":"2021-02-27T17:04:30","modified_gmt":"2021-02-27T16:04:30","slug":"block-chain","status":"publish","type":"page","link":"https:\/\/christophe.valmir.name\/?page_id=112","title":{"rendered":"Blockchain"},"content":{"rendered":"\n<p>En 2015, une nouvelle race de sauvegarde innovant a fait son apparition. C&rsquo;est celle de la sauvegarde via <em>blockchain<\/em>. La <em>blockchain<\/em> <a href=\"https:\/\/sia.tech\/\">SIAcoin<\/a> a comme promesse de crypter les donn\u00e9es et mettre en liens plusieurs personnes pour sauvegarder les donn\u00e9es. L&rsquo;uberisation de la sauvegarde est n\u00e9e.<\/p>\n\n\n\n<p>M\u00eame si la ferveur est descendue, c&rsquo;est l&rsquo;une des seuls <em>blockchain<\/em> proposant d&rsquo;externaliser les donn\u00e9es. <a href=\"https:\/\/filecoin.io\">Filecoin<\/a> n\u2019\u00e9tait pas encore sortie \u00e0 l&rsquo;heure actuelle(2019).<\/p>\n\n\n\n<figure class=\"wp-block-image size-large\"><img loading=\"lazy\" decoding=\"async\" width=\"828\" height=\"354\" src=\"https:\/\/christophe.valmir.name\/wp-content\/uploads\/2020\/04\/image.png\" alt=\"\" class=\"wp-image-621\" srcset=\"https:\/\/christophe.valmir.name\/wp-content\/uploads\/2020\/04\/image.png 828w, https:\/\/christophe.valmir.name\/wp-content\/uploads\/2020\/04\/image-300x128.png 300w, https:\/\/christophe.valmir.name\/wp-content\/uploads\/2020\/04\/image-768x328.png 768w\" sizes=\"(max-width: 828px) 100vw, 828px\" \/><\/figure>\n\n\n\n<p>Les questions simples o\u00f9 les datacenters et les prestataire manque un peu de transparences. On les crois sur parole :<\/p>\n\n\n\n<ul><li>O\u00f9 sont reparti mes donn\u00e9es ? <\/li><li>Mes donn\u00e9es ont \u00e9t\u00e9 chiffr\u00e9s<\/li><li>Combien de duplication ai je sur un fichier?<\/li><li>Peut on avoir un maximum de bande passante?<\/li><\/ul>\n\n\n\n<p>Depuis 2020, nous r\u00e9alisons de requ\u00eate dans une DB, dispers\u00e9 dans le monde.<\/p>\n","protected":false},"excerpt":{"rendered":"<p>En 2015, une nouvelle race de sauvegarde innovant a fait son apparition. C&rsquo;est celle de la sauvegarde via blockchain. La blockchain SIAcoin a comme promesse de crypter les donn\u00e9es et mettre en liens plusieurs personnes pour sauvegarder les donn\u00e9es. L&rsquo;uberisation de la sauvegarde est n\u00e9e. M\u00eame si la ferveur est descendue, c&rsquo;est l&rsquo;une des seuls<\/p>\n<p><a href=\"https:\/\/christophe.valmir.name\/?page_id=112\" class=\"more-link\">Lire la suite<\/a><\/p>\n","protected":false},"author":1,"featured_media":0,"parent":95,"menu_order":2,"comment_status":"closed","ping_status":"closed","template":"","meta":{"footnotes":""},"_links":{"self":[{"href":"https:\/\/christophe.valmir.name\/index.php?rest_route=\/wp\/v2\/pages\/112"}],"collection":[{"href":"https:\/\/christophe.valmir.name\/index.php?rest_route=\/wp\/v2\/pages"}],"about":[{"href":"https:\/\/christophe.valmir.name\/index.php?rest_route=\/wp\/v2\/types\/page"}],"author":[{"embeddable":true,"href":"https:\/\/christophe.valmir.name\/index.php?rest_route=\/wp\/v2\/users\/1"}],"replies":[{"embeddable":true,"href":"https:\/\/christophe.valmir.name\/index.php?rest_route=%2Fwp%2Fv2%2Fcomments&post=112"}],"version-history":[{"count":12,"href":"https:\/\/christophe.valmir.name\/index.php?rest_route=\/wp\/v2\/pages\/112\/revisions"}],"predecessor-version":[{"id":726,"href":"https:\/\/christophe.valmir.name\/index.php?rest_route=\/wp\/v2\/pages\/112\/revisions\/726"}],"up":[{"embeddable":true,"href":"https:\/\/christophe.valmir.name\/index.php?rest_route=\/wp\/v2\/pages\/95"}],"wp:attachment":[{"href":"https:\/\/christophe.valmir.name\/index.php?rest_route=%2Fwp%2Fv2%2Fmedia&parent=112"}],"curies":[{"name":"wp","href":"https:\/\/api.w.org\/{rel}","templated":true}]}}