{"id":280,"date":"2019-10-25T13:40:30","date_gmt":"2019-10-25T11:40:30","guid":{"rendered":"http:\/\/christophe.valmir.name\/?page_id=280"},"modified":"2019-10-30T16:02:09","modified_gmt":"2019-10-30T15:02:09","slug":"interface-data-graphadata","status":"publish","type":"page","link":"https:\/\/christophe.valmir.name\/?page_id=280","title":{"rendered":"Interface Data (graphaData)"},"content":{"rendered":"\n<p>Pour voir les informations de IOTs, il faut une interface. Les premi\u00e8res esquisses ont \u00e9t\u00e9 r\u00e9alis\u00e9es ind\u00e9pendamment de chaque projet IOT.<\/p>\n\n\n\n<p>L&rsquo;id\u00e9e est cr\u00e9\u00e9e une interface l\u00e9g\u00e8re modulable qui puisse lire les donn\u00e9es sur IOT. C&rsquo;est comme ca qu&rsquo;est n\u00e9e ce projet.<\/p>\n\n\n\n<p>L&rsquo;interface data est r\u00e9alis\u00e9 en JavaScript et communiquant via un canal RPC\/Json.<\/p>\n\n\n\n<div class=\"wp-block-image\"><figure class=\"aligncenter\"><img loading=\"lazy\" decoding=\"async\" width=\"591\" height=\"485\" src=\"http:\/\/christophe.valmir.name\/wp-content\/uploads\/2019\/10\/image-14.png\" alt=\"\" class=\"wp-image-287\" srcset=\"https:\/\/christophe.valmir.name\/wp-content\/uploads\/2019\/10\/image-14.png 591w, https:\/\/christophe.valmir.name\/wp-content\/uploads\/2019\/10\/image-14-300x246.png 300w\" sizes=\"(max-width: 591px) 100vw, 591px\" \/><\/figure><\/div>\n\n\n\n<ol><li>Le navigateur demande tous les donn\u00e9es que le web service peut envoyer<\/li><li>Le navigateur demande ensuite comment est organis\u00e9 l&rsquo;interface. Sachant qu&rsquo;il y a une interface pour l&rsquo;etat courant des capteurs et un pour l&rsquo;historique (\u00e9tape 3 du graph)<\/li><li>Ensuite  le navigateur demande les donn\u00e9es qu&rsquo;il a besoin pour afficher (\u00e9tape 5 du graph).<\/li><\/ol>\n","protected":false},"excerpt":{"rendered":"<p>Pour voir les informations de IOTs, il faut une interface. Les premi\u00e8res esquisses ont \u00e9t\u00e9 r\u00e9alis\u00e9es ind\u00e9pendamment de chaque projet IOT. L&rsquo;id\u00e9e est cr\u00e9\u00e9e une interface l\u00e9g\u00e8re modulable qui puisse lire les donn\u00e9es sur IOT. C&rsquo;est comme ca qu&rsquo;est n\u00e9e ce projet. L&rsquo;interface data est r\u00e9alis\u00e9 en JavaScript et communiquant via un canal RPC\/Json. Le<\/p>\n<p><a href=\"https:\/\/christophe.valmir.name\/?page_id=280\" class=\"more-link\">Lire la suite<\/a><\/p>\n","protected":false},"author":1,"featured_media":0,"parent":387,"menu_order":0,"comment_status":"closed","ping_status":"closed","template":"","meta":{"footnotes":""},"_links":{"self":[{"href":"https:\/\/christophe.valmir.name\/index.php?rest_route=\/wp\/v2\/pages\/280"}],"collection":[{"href":"https:\/\/christophe.valmir.name\/index.php?rest_route=\/wp\/v2\/pages"}],"about":[{"href":"https:\/\/christophe.valmir.name\/index.php?rest_route=\/wp\/v2\/types\/page"}],"author":[{"embeddable":true,"href":"https:\/\/christophe.valmir.name\/index.php?rest_route=\/wp\/v2\/users\/1"}],"replies":[{"embeddable":true,"href":"https:\/\/christophe.valmir.name\/index.php?rest_route=%2Fwp%2Fv2%2Fcomments&post=280"}],"version-history":[{"count":6,"href":"https:\/\/christophe.valmir.name\/index.php?rest_route=\/wp\/v2\/pages\/280\/revisions"}],"predecessor-version":[{"id":413,"href":"https:\/\/christophe.valmir.name\/index.php?rest_route=\/wp\/v2\/pages\/280\/revisions\/413"}],"up":[{"embeddable":true,"href":"https:\/\/christophe.valmir.name\/index.php?rest_route=\/wp\/v2\/pages\/387"}],"wp:attachment":[{"href":"https:\/\/christophe.valmir.name\/index.php?rest_route=%2Fwp%2Fv2%2Fmedia&parent=280"}],"curies":[{"name":"wp","href":"https:\/\/api.w.org\/{rel}","templated":true}]}}