{"id":313,"date":"2019-10-30T07:09:18","date_gmt":"2019-10-30T06:09:18","guid":{"rendered":"http:\/\/christophe.valmir.name\/?page_id=313"},"modified":"2019-11-04T08:14:52","modified_gmt":"2019-11-04T07:14:52","slug":"geolocalisation-mini-iot","status":"publish","type":"page","link":"https:\/\/christophe.valmir.name\/?page_id=313","title":{"rendered":"G\u00e9olocalisation mini-iot"},"content":{"rendered":"\n<p>Le projet a \u00e9t\u00e9 baptis\u00e9 \u00ab\u00a0ISOR for car\u00a0\u00bb comme \u00ab\u00a0Information System Of Reporting\u00a0\u00bb. Il fut cr\u00e9\u00e9 en 2016 avec un camarade pour cr\u00e9er des notes de frais automatique. L&rsquo;objet de g\u00e9olocalisation du v\u00e9hicule devait \u00eatre cach\u00e9 dans la voiture ou la moto. L&rsquo;abonnement devait co\u00fbter moins de 5euros et fonctionner dans plusieurs pays europ\u00e9en.<\/p>\n\n\n\n<p>L&rsquo;objet a pour dimension:<\/p>\n\n\n\n<ul><li>Largeur 30mm<\/li><li>Hauteur 25mm<\/li><li>Largeur 50mm<\/li><\/ul>\n\n\n\n<p>L&rsquo;autonomie de l&rsquo;objet est de 10mois sur batterie 1\/2AA qui ne se connecte pas \u00e0 la batterie de la voiture car trop facile \u00e0 trouver pour un voleur. J&rsquo;utilise d\u2019ailleurs toujours.<\/p>\n\n\n\n<figure class=\"wp-block-image\"><img loading=\"lazy\" decoding=\"async\" width=\"1024\" height=\"935\" src=\"http:\/\/christophe.valmir.name\/wp-content\/uploads\/2019\/10\/Boitier-de-geolocalisation-pour-v\u00e9hiculemini-1024x935.jpg\" alt=\"\" class=\"wp-image-323\" srcset=\"https:\/\/christophe.valmir.name\/wp-content\/uploads\/2019\/10\/Boitier-de-geolocalisation-pour-v\u00e9hiculemini-1024x935.jpg 1024w, https:\/\/christophe.valmir.name\/wp-content\/uploads\/2019\/10\/Boitier-de-geolocalisation-pour-v\u00e9hiculemini-300x274.jpg 300w, https:\/\/christophe.valmir.name\/wp-content\/uploads\/2019\/10\/Boitier-de-geolocalisation-pour-v\u00e9hiculemini-768x701.jpg 768w, https:\/\/christophe.valmir.name\/wp-content\/uploads\/2019\/10\/Boitier-de-geolocalisation-pour-v\u00e9hiculemini.jpg 1199w\" sizes=\"(max-width: 1024px) 100vw, 1024px\" \/><figcaption>Bo\u00eetier version industriel<\/figcaption><\/figure>\n\n\n\n<figure class=\"wp-block-image\"><img loading=\"lazy\" decoding=\"async\" width=\"1024\" height=\"613\" src=\"http:\/\/christophe.valmir.name\/wp-content\/uploads\/2019\/10\/Boitier-de-g\u00e9olocalistion-avec-bouton-urgence-mini-1024x613.jpg\" alt=\"\" class=\"wp-image-324\" srcset=\"https:\/\/christophe.valmir.name\/wp-content\/uploads\/2019\/10\/Boitier-de-g\u00e9olocalistion-avec-bouton-urgence-mini-1024x613.jpg 1024w, https:\/\/christophe.valmir.name\/wp-content\/uploads\/2019\/10\/Boitier-de-g\u00e9olocalistion-avec-bouton-urgence-mini-300x180.jpg 300w, https:\/\/christophe.valmir.name\/wp-content\/uploads\/2019\/10\/Boitier-de-g\u00e9olocalistion-avec-bouton-urgence-mini-768x460.jpg 768w, https:\/\/christophe.valmir.name\/wp-content\/uploads\/2019\/10\/Boitier-de-g\u00e9olocalistion-avec-bouton-urgence-mini.jpg 1122w\" sizes=\"(max-width: 1024px) 100vw, 1024px\" \/><figcaption>Prototype de bo\u00eetier avec bouton d&rsquo;alarme<\/figcaption><\/figure>\n\n\n\n<p>Le logiciel web<\/p>\n\n\n\n<figure class=\"wp-block-image\"><img loading=\"lazy\" decoding=\"async\" width=\"1024\" height=\"686\" src=\"http:\/\/christophe.valmir.name\/wp-content\/uploads\/2019\/10\/image-19-1024x686.png\" alt=\"\" class=\"wp-image-328\" srcset=\"https:\/\/christophe.valmir.name\/wp-content\/uploads\/2019\/10\/image-19-1024x686.png 1024w, https:\/\/christophe.valmir.name\/wp-content\/uploads\/2019\/10\/image-19-300x201.png 300w, https:\/\/christophe.valmir.name\/wp-content\/uploads\/2019\/10\/image-19-768x515.png 768w, https:\/\/christophe.valmir.name\/wp-content\/uploads\/2019\/10\/image-19.png 1155w\" sizes=\"(max-width: 1024px) 100vw, 1024px\" \/><figcaption>Lieu o\u00f9 ISOR fonctionnait au d\u00e9but 2017.<\/figcaption><\/figure>\n\n\n\n<figure class=\"wp-block-image\"><img loading=\"lazy\" decoding=\"async\" width=\"1024\" height=\"433\" src=\"http:\/\/christophe.valmir.name\/wp-content\/uploads\/2019\/10\/image-20-1024x433.png\" alt=\"\" class=\"wp-image-329\" srcset=\"https:\/\/christophe.valmir.name\/wp-content\/uploads\/2019\/10\/image-20-1024x433.png 1024w, https:\/\/christophe.valmir.name\/wp-content\/uploads\/2019\/10\/image-20-300x127.png 300w, https:\/\/christophe.valmir.name\/wp-content\/uploads\/2019\/10\/image-20-768x325.png 768w, https:\/\/christophe.valmir.name\/wp-content\/uploads\/2019\/10\/image-20.png 1891w\" sizes=\"(max-width: 1024px) 100vw, 1024px\" \/><figcaption>Exemple historique<\/figcaption><\/figure>\n\n\n\n<figure class=\"wp-block-image\"><img loading=\"lazy\" decoding=\"async\" width=\"1024\" height=\"424\" src=\"http:\/\/christophe.valmir.name\/wp-content\/uploads\/2019\/10\/image-22-1024x424.png\" alt=\"\" class=\"wp-image-331\" srcset=\"https:\/\/christophe.valmir.name\/wp-content\/uploads\/2019\/10\/image-22-1024x424.png 1024w, https:\/\/christophe.valmir.name\/wp-content\/uploads\/2019\/10\/image-22-300x124.png 300w, https:\/\/christophe.valmir.name\/wp-content\/uploads\/2019\/10\/image-22-768x318.png 768w, https:\/\/christophe.valmir.name\/wp-content\/uploads\/2019\/10\/image-22.png 1880w\" sizes=\"(max-width: 1024px) 100vw, 1024px\" \/><figcaption>Exemple de contact avec l&rsquo;API de Google<\/figcaption><\/figure>\n","protected":false},"excerpt":{"rendered":"<p>Le projet a \u00e9t\u00e9 baptis\u00e9 \u00ab\u00a0ISOR for car\u00a0\u00bb comme \u00ab\u00a0Information System Of Reporting\u00a0\u00bb. Il fut cr\u00e9\u00e9 en 2016 avec un camarade pour cr\u00e9er des notes de frais automatique. L&rsquo;objet de g\u00e9olocalisation du v\u00e9hicule devait \u00eatre cach\u00e9 dans la voiture ou la moto. L&rsquo;abonnement devait co\u00fbter moins de 5euros et fonctionner dans plusieurs pays europ\u00e9en. L&rsquo;objet<\/p>\n<p><a href=\"https:\/\/christophe.valmir.name\/?page_id=313\" class=\"more-link\">Lire la suite<\/a><\/p>\n","protected":false},"author":1,"featured_media":0,"parent":499,"menu_order":0,"comment_status":"closed","ping_status":"closed","template":"","meta":{"footnotes":""},"_links":{"self":[{"href":"https:\/\/christophe.valmir.name\/index.php?rest_route=\/wp\/v2\/pages\/313"}],"collection":[{"href":"https:\/\/christophe.valmir.name\/index.php?rest_route=\/wp\/v2\/pages"}],"about":[{"href":"https:\/\/christophe.valmir.name\/index.php?rest_route=\/wp\/v2\/types\/page"}],"author":[{"embeddable":true,"href":"https:\/\/christophe.valmir.name\/index.php?rest_route=\/wp\/v2\/users\/1"}],"replies":[{"embeddable":true,"href":"https:\/\/christophe.valmir.name\/index.php?rest_route=%2Fwp%2Fv2%2Fcomments&post=313"}],"version-history":[{"count":3,"href":"https:\/\/christophe.valmir.name\/index.php?rest_route=\/wp\/v2\/pages\/313\/revisions"}],"predecessor-version":[{"id":490,"href":"https:\/\/christophe.valmir.name\/index.php?rest_route=\/wp\/v2\/pages\/313\/revisions\/490"}],"up":[{"embeddable":true,"href":"https:\/\/christophe.valmir.name\/index.php?rest_route=\/wp\/v2\/pages\/499"}],"wp:attachment":[{"href":"https:\/\/christophe.valmir.name\/index.php?rest_route=%2Fwp%2Fv2%2Fmedia&parent=313"}],"curies":[{"name":"wp","href":"https:\/\/api.w.org\/{rel}","templated":true}]}}