{"id":358,"date":"2019-10-30T11:43:23","date_gmt":"2019-10-30T10:43:23","guid":{"rendered":"http:\/\/christophe.valmir.name\/?page_id=358"},"modified":"2019-12-12T18:44:17","modified_gmt":"2019-12-12T17:44:17","slug":"liot-pour-touret","status":"publish","type":"page","link":"https:\/\/christophe.valmir.name\/?page_id=358","title":{"rendered":"L&rsquo;IOT pour touret"},"content":{"rendered":"\n<p>Nous avons fait des IOT pour touret. Le premier test \u00e9tait de g\u00e9olocaliser les tourets ensuite de compter le nombre de tour. Nous avons fait un POC chez Bouygues \u00e9neregy et service.<\/p>\n\n\n\n<p>Voici l&rsquo;interface g\u00e9n\u00e9ral de la gestion de touret.<\/p>\n\n\n\n<figure class=\"wp-block-image\"><img loading=\"lazy\" decoding=\"async\" width=\"1024\" height=\"435\" src=\"http:\/\/christophe.valmir.name\/wp-content\/uploads\/2019\/10\/image-27-1024x435.png\" alt=\"\" class=\"wp-image-355\" srcset=\"https:\/\/christophe.valmir.name\/wp-content\/uploads\/2019\/10\/image-27-1024x435.png 1024w, https:\/\/christophe.valmir.name\/wp-content\/uploads\/2019\/10\/image-27-300x127.png 300w, https:\/\/christophe.valmir.name\/wp-content\/uploads\/2019\/10\/image-27-768x326.png 768w, https:\/\/christophe.valmir.name\/wp-content\/uploads\/2019\/10\/image-27.png 1893w\" sizes=\"(max-width: 1024px) 100vw, 1024px\" \/><\/figure>\n\n\n\n<p>Comme il faut localiser l&rsquo;IOT faut bien le plac\u00e9.<\/p>\n\n\n\n<figure class=\"wp-block-image size-large is-resized\"><img loading=\"lazy\" decoding=\"async\" src=\"http:\/\/christophe.valmir.name\/wp-content\/uploads\/2019\/12\/IMG_20160729_090456-1024x768.jpg\" alt=\"\" class=\"wp-image-590\" width=\"580\" height=\"435\" srcset=\"https:\/\/christophe.valmir.name\/wp-content\/uploads\/2019\/12\/IMG_20160729_090456-1024x768.jpg 1024w, https:\/\/christophe.valmir.name\/wp-content\/uploads\/2019\/12\/IMG_20160729_090456-300x225.jpg 300w, https:\/\/christophe.valmir.name\/wp-content\/uploads\/2019\/12\/IMG_20160729_090456-768x576.jpg 768w, https:\/\/christophe.valmir.name\/wp-content\/uploads\/2019\/12\/IMG_20160729_090456-1536x1152.jpg 1536w, https:\/\/christophe.valmir.name\/wp-content\/uploads\/2019\/12\/IMG_20160729_090456-2048x1536.jpg 2048w\" sizes=\"(max-width: 580px) 100vw, 580px\" \/><figcaption>Persage du touret<\/figcaption><\/figure>\n\n\n\n<p>Et camouflage de l&rsquo;IOT avec un papier qui ressemble au bois du touret.<\/p>\n\n\n\n<figure class=\"wp-block-image size-large\"><img loading=\"lazy\" decoding=\"async\" width=\"1024\" height=\"768\" src=\"http:\/\/christophe.valmir.name\/wp-content\/uploads\/2019\/12\/IMG_20160729_085614-1024x768.jpg\" alt=\"\" class=\"wp-image-591\" srcset=\"https:\/\/christophe.valmir.name\/wp-content\/uploads\/2019\/12\/IMG_20160729_085614-1024x768.jpg 1024w, https:\/\/christophe.valmir.name\/wp-content\/uploads\/2019\/12\/IMG_20160729_085614-300x225.jpg 300w, https:\/\/christophe.valmir.name\/wp-content\/uploads\/2019\/12\/IMG_20160729_085614-768x576.jpg 768w, https:\/\/christophe.valmir.name\/wp-content\/uploads\/2019\/12\/IMG_20160729_085614-1536x1152.jpg 1536w, https:\/\/christophe.valmir.name\/wp-content\/uploads\/2019\/12\/IMG_20160729_085614-2048x1536.jpg 2048w\" sizes=\"(max-width: 1024px) 100vw, 1024px\" \/><\/figure>\n\n\n\n<p>Je pouvais pousser le concept plus loin, mais le calcule du nombre de tour sur IOT avec l&rsquo;acc\u00e9l\u00e9rateur, nous a pris pas mal de temps.<\/p>\n","protected":false},"excerpt":{"rendered":"<p>Nous avons fait des IOT pour touret. Le premier test \u00e9tait de g\u00e9olocaliser les tourets ensuite de compter le nombre de tour. Nous avons fait un POC chez Bouygues \u00e9neregy et service. Voici l&rsquo;interface g\u00e9n\u00e9ral de la gestion de touret. Comme il faut localiser l&rsquo;IOT faut bien le plac\u00e9. Et camouflage de l&rsquo;IOT avec un<\/p>\n<p><a href=\"https:\/\/christophe.valmir.name\/?page_id=358\" class=\"more-link\">Lire la suite<\/a><\/p>\n","protected":false},"author":1,"featured_media":0,"parent":102,"menu_order":0,"comment_status":"closed","ping_status":"closed","template":"","meta":{"footnotes":""},"_links":{"self":[{"href":"https:\/\/christophe.valmir.name\/index.php?rest_route=\/wp\/v2\/pages\/358"}],"collection":[{"href":"https:\/\/christophe.valmir.name\/index.php?rest_route=\/wp\/v2\/pages"}],"about":[{"href":"https:\/\/christophe.valmir.name\/index.php?rest_route=\/wp\/v2\/types\/page"}],"author":[{"embeddable":true,"href":"https:\/\/christophe.valmir.name\/index.php?rest_route=\/wp\/v2\/users\/1"}],"replies":[{"embeddable":true,"href":"https:\/\/christophe.valmir.name\/index.php?rest_route=%2Fwp%2Fv2%2Fcomments&post=358"}],"version-history":[{"count":2,"href":"https:\/\/christophe.valmir.name\/index.php?rest_route=\/wp\/v2\/pages\/358\/revisions"}],"predecessor-version":[{"id":592,"href":"https:\/\/christophe.valmir.name\/index.php?rest_route=\/wp\/v2\/pages\/358\/revisions\/592"}],"up":[{"embeddable":true,"href":"https:\/\/christophe.valmir.name\/index.php?rest_route=\/wp\/v2\/pages\/102"}],"wp:attachment":[{"href":"https:\/\/christophe.valmir.name\/index.php?rest_route=%2Fwp%2Fv2%2Fmedia&parent=358"}],"curies":[{"name":"wp","href":"https:\/\/api.w.org\/{rel}","templated":true}]}}