{"id":369,"date":"2019-10-30T13:46:01","date_gmt":"2019-10-30T12:46:01","guid":{"rendered":"http:\/\/christophe.valmir.name\/?page_id=369"},"modified":"2020-07-21T18:40:26","modified_gmt":"2020-07-21T16:40:26","slug":"wiot-mesure-laser","status":"publish","type":"page","link":"https:\/\/christophe.valmir.name\/?page_id=369","title":{"rendered":"Mesure LASER"},"content":{"rendered":"\n<p>L&rsquo;IOT de mesure laser permet de mesurer  la distance entre le capteur et son obstacle sans miroir.<\/p>\n\n\n\n<p>La derni\u00e8re g\u00e9n\u00e9ration de modules de mesure de distance laser offre des plages de mesure allant jusqu\u2019\u00e0 100 m\u00e8tres pour une dimension de  37,5 x 45,3 x 19,2 mm.  L&rsquo;unit\u00e9 a une r\u00e9solution de 1 mm et une pr\u00e9cision de \u00b1 3,0 mm ainsi qu&rsquo;un taux d&rsquo;\u00e9chantillonnage (jusqu&rsquo;\u00e0 10 \u00e9chantillons \/ seconde). <\/p>\n\n\n\n<p>Carat\u00e8ristiques:<\/p>\n\n\n\n<figure class=\"wp-block-table\"><table><tbody><tr><td>Tol\u00e9rance des mesures<\/td><td>\u00b1 3.0 mm@ 25\u00b0C sur 30m<\/td><\/tr><tr><td>Distance de r\u00e9solution<\/td><td>1 mm<\/td><\/tr><tr><td>Power<\/td><td>800mW (2W starting)<\/td><\/tr><tr><td>Temp\u00e9rature<\/td><td>0 -&gt; 50\u00b0C<\/td><\/tr><tr><td>Temp\u00e9rature de stockage <\/td><td>-20 -&gt; 70\u00b0C<\/td><\/tr><tr><td>Longueur d&rsquo;onde du Laser<\/td><td>635\u00b1 5nm<\/td><\/tr><tr><td>Classe<\/td><td>&lt;1 mW (Class 2) <\/td><\/tr><tr><td>Dimension<\/td><td>37,5 x 45,3 x 19,2 mm<\/td><\/tr><tr><td>Alimentation<\/td><td>USB<\/td><\/tr><tr><td>Connectivit\u00e9<\/td><td>WIFI<\/td><\/tr><\/tbody><\/table><\/figure>\n\n\n\n<figure class=\"wp-block-image size-large\"><img loading=\"lazy\" decoding=\"async\" width=\"768\" height=\"1024\" src=\"https:\/\/christophe.valmir.name\/wp-content\/uploads\/2020\/07\/20200416_184437_small-768x1024.jpg\" alt=\"\" class=\"wp-image-652\" srcset=\"https:\/\/christophe.valmir.name\/wp-content\/uploads\/2020\/07\/20200416_184437_small-768x1025.jpg 768w, https:\/\/christophe.valmir.name\/wp-content\/uploads\/2020\/07\/20200416_184437_small-225x300.jpg 225w, https:\/\/christophe.valmir.name\/wp-content\/uploads\/2020\/07\/20200416_184437_small.jpg 907w\" sizes=\"(max-width: 768px) 100vw, 768px\" \/><\/figure>\n\n\n\n<p><\/p>\n","protected":false},"excerpt":{"rendered":"<p>L&rsquo;IOT de mesure laser permet de mesurer la distance entre le capteur et son obstacle sans miroir. La derni\u00e8re g\u00e9n\u00e9ration de modules de mesure de distance laser offre des plages de mesure allant jusqu\u2019\u00e0 100 m\u00e8tres pour une dimension de 37,5 x 45,3 x 19,2 mm. L&rsquo;unit\u00e9 a une r\u00e9solution de 1 mm et une<\/p>\n<p><a href=\"https:\/\/christophe.valmir.name\/?page_id=369\" class=\"more-link\">Lire la suite<\/a><\/p>\n","protected":false},"author":1,"featured_media":0,"parent":228,"menu_order":0,"comment_status":"closed","ping_status":"closed","template":"","meta":{"footnotes":""},"_links":{"self":[{"href":"https:\/\/christophe.valmir.name\/index.php?rest_route=\/wp\/v2\/pages\/369"}],"collection":[{"href":"https:\/\/christophe.valmir.name\/index.php?rest_route=\/wp\/v2\/pages"}],"about":[{"href":"https:\/\/christophe.valmir.name\/index.php?rest_route=\/wp\/v2\/types\/page"}],"author":[{"embeddable":true,"href":"https:\/\/christophe.valmir.name\/index.php?rest_route=\/wp\/v2\/users\/1"}],"replies":[{"embeddable":true,"href":"https:\/\/christophe.valmir.name\/index.php?rest_route=%2Fwp%2Fv2%2Fcomments&post=369"}],"version-history":[{"count":9,"href":"https:\/\/christophe.valmir.name\/index.php?rest_route=\/wp\/v2\/pages\/369\/revisions"}],"predecessor-version":[{"id":653,"href":"https:\/\/christophe.valmir.name\/index.php?rest_route=\/wp\/v2\/pages\/369\/revisions\/653"}],"up":[{"embeddable":true,"href":"https:\/\/christophe.valmir.name\/index.php?rest_route=\/wp\/v2\/pages\/228"}],"wp:attachment":[{"href":"https:\/\/christophe.valmir.name\/index.php?rest_route=%2Fwp%2Fv2%2Fmedia&parent=369"}],"curies":[{"name":"wp","href":"https:\/\/api.w.org\/{rel}","templated":true}]}}