{"id":414,"date":"2019-10-30T15:43:58","date_gmt":"2019-10-30T14:43:58","guid":{"rendered":"http:\/\/christophe.valmir.name\/?page_id=414"},"modified":"2019-11-04T16:30:47","modified_gmt":"2019-11-04T15:30:47","slug":"seshin","status":"publish","type":"page","link":"https:\/\/christophe.valmir.name\/?page_id=414","title":{"rendered":"Seshin"},"content":{"rendered":"\n<p style=\"text-align:left\">Seshin a \u00e9t\u00e9 invent\u00e9 lorsque j&rsquo;\u00e9tais chez \u00ab\u00a0Fontenelle microcopie\u00a0\u00bb. Certains scanners n&rsquo;\u00e9taient pas r\u00e9cent. Le co\u00fbt de remplacement d&rsquo;une machine de production \u00e9tait <strong>trop ch\u00e8re<\/strong> (surtout pour les microfilm). C&rsquo;est comme \u00e7a qu&rsquo;est n\u00e9e le logiciel \u00ab\u00a0seshin\u00a0\u00bb. <\/p>\n\n\n\n<p>Comment \u00e7a fonctionne ?<\/p>\n\n\n\n<p>Un ordinateur \u00e0 jour permet d&rsquo;<strong>isoler la machine de production<\/strong> en Windows 95\/2000 dans un r\u00e9seau priv\u00e9e fils \u00e0 fils. Cet ordinateur a donc 2 interfaces r\u00e9seaux l&rsquo;une sur le r\u00e9seau interne et l&rsquo;autre sur la machine de production. Sur l&rsquo;interface LAN, l&rsquo;ordinateur Seshin aura un <strong>partage Windows<\/strong> qui sera la <strong>r\u00e9plique<\/strong> du partage Windows de la machine de production. Je logiciel rajoutera des fichiers de signatures \u00e9vitant les mauvaises copies ou la falsification des fichiers. <\/p>\n\n\n\n<p>La <strong>signature<\/strong> est un gage de garantie de l&rsquo;origine du scan.<\/p>\n\n\n\n<figure class=\"wp-block-image\"><img loading=\"lazy\" decoding=\"async\" width=\"1024\" height=\"445\" src=\"http:\/\/christophe.valmir.name\/wp-content\/uploads\/2019\/10\/image-38-1024x445.png\" alt=\"\" class=\"wp-image-420\" srcset=\"https:\/\/christophe.valmir.name\/wp-content\/uploads\/2019\/10\/image-38-1024x445.png 1024w, https:\/\/christophe.valmir.name\/wp-content\/uploads\/2019\/10\/image-38-300x130.png 300w, https:\/\/christophe.valmir.name\/wp-content\/uploads\/2019\/10\/image-38-768x334.png 768w, https:\/\/christophe.valmir.name\/wp-content\/uploads\/2019\/10\/image-38.png 1379w\" sizes=\"(max-width: 1024px) 100vw, 1024px\" \/><figcaption>Installation of computer<\/figcaption><\/figure>\n\n\n\n<p>J&rsquo;ai pouss\u00e9 le concept plus loin en mutualisant plusieurs machines de production sur la m\u00eame machine Seshin.<\/p>\n\n\n\n<p><\/p>\n","protected":false},"excerpt":{"rendered":"<p>Seshin a \u00e9t\u00e9 invent\u00e9 lorsque j&rsquo;\u00e9tais chez \u00ab\u00a0Fontenelle microcopie\u00a0\u00bb. Certains scanners n&rsquo;\u00e9taient pas r\u00e9cent. Le co\u00fbt de remplacement d&rsquo;une machine de production \u00e9tait trop ch\u00e8re (surtout pour les microfilm). C&rsquo;est comme \u00e7a qu&rsquo;est n\u00e9e le logiciel \u00ab\u00a0seshin\u00a0\u00bb. Comment \u00e7a fonctionne ? Un ordinateur \u00e0 jour permet d&rsquo;isoler la machine de production en Windows 95\/2000 dans<\/p>\n<p><a href=\"https:\/\/christophe.valmir.name\/?page_id=414\" class=\"more-link\">Lire la suite<\/a><\/p>\n","protected":false},"author":1,"featured_media":0,"parent":387,"menu_order":0,"comment_status":"closed","ping_status":"closed","template":"","meta":{"footnotes":""},"_links":{"self":[{"href":"https:\/\/christophe.valmir.name\/index.php?rest_route=\/wp\/v2\/pages\/414"}],"collection":[{"href":"https:\/\/christophe.valmir.name\/index.php?rest_route=\/wp\/v2\/pages"}],"about":[{"href":"https:\/\/christophe.valmir.name\/index.php?rest_route=\/wp\/v2\/types\/page"}],"author":[{"embeddable":true,"href":"https:\/\/christophe.valmir.name\/index.php?rest_route=\/wp\/v2\/users\/1"}],"replies":[{"embeddable":true,"href":"https:\/\/christophe.valmir.name\/index.php?rest_route=%2Fwp%2Fv2%2Fcomments&post=414"}],"version-history":[{"count":10,"href":"https:\/\/christophe.valmir.name\/index.php?rest_route=\/wp\/v2\/pages\/414\/revisions"}],"predecessor-version":[{"id":517,"href":"https:\/\/christophe.valmir.name\/index.php?rest_route=\/wp\/v2\/pages\/414\/revisions\/517"}],"up":[{"embeddable":true,"href":"https:\/\/christophe.valmir.name\/index.php?rest_route=\/wp\/v2\/pages\/387"}],"wp:attachment":[{"href":"https:\/\/christophe.valmir.name\/index.php?rest_route=%2Fwp%2Fv2%2Fmedia&parent=414"}],"curies":[{"name":"wp","href":"https:\/\/api.w.org\/{rel}","templated":true}]}}