{"id":450,"date":"2019-10-31T17:29:48","date_gmt":"2019-10-31T16:29:48","guid":{"rendered":"http:\/\/christophe.valmir.name\/?page_id=450"},"modified":"2020-08-29T19:10:09","modified_gmt":"2020-08-29T17:10:09","slug":"anamail","status":"publish","type":"page","link":"https:\/\/christophe.valmir.name\/?page_id=450","title":{"rendered":"Anamail"},"content":{"rendered":"\n<p>Le logiciel anamail a \u00e9t\u00e9 cr\u00e9\u00e9 en 2015 car je g\u00e9rais beaucoup e-mail. Le logiciel que j&rsquo;ai cr\u00e9\u00e9, a pour but d&rsquo;analyse le nombre e-mail envoy\u00e9 par un domaine et le nombre d&rsquo;usurpation d&rsquo;identit\u00e9 d&rsquo;un domaine. J&rsquo;ai travaill\u00e9 avec yahoo pour corriger certains rapports qu&rsquo;il envoyais qui n\u2019\u00e9tait pas standard.<\/p>\n\n\n\n<figure class=\"wp-block-image\"><img loading=\"lazy\" decoding=\"async\" width=\"1024\" height=\"257\" src=\"http:\/\/christophe.valmir.name\/wp-content\/uploads\/2019\/10\/image-44-1024x257.png\" alt=\"\" class=\"wp-image-451\" srcset=\"https:\/\/christophe.valmir.name\/wp-content\/uploads\/2019\/10\/image-44-1024x257.png 1024w, https:\/\/christophe.valmir.name\/wp-content\/uploads\/2019\/10\/image-44-300x75.png 300w, https:\/\/christophe.valmir.name\/wp-content\/uploads\/2019\/10\/image-44-768x193.png 768w, https:\/\/christophe.valmir.name\/wp-content\/uploads\/2019\/10\/image-44.png 1915w\" sizes=\"(max-width: 1024px) 100vw, 1024px\" \/><figcaption>Vue g\u00e9n\u00e9ral de l&rsquo;interface<\/figcaption><\/figure>\n\n\n\n<figure class=\"wp-block-image\"><img loading=\"lazy\" decoding=\"async\" width=\"1024\" height=\"237\" src=\"http:\/\/christophe.valmir.name\/wp-content\/uploads\/2019\/10\/image-45-1024x237.png\" alt=\"\" class=\"wp-image-452\" srcset=\"https:\/\/christophe.valmir.name\/wp-content\/uploads\/2019\/10\/image-45-1024x237.png 1024w, https:\/\/christophe.valmir.name\/wp-content\/uploads\/2019\/10\/image-45-300x69.png 300w, https:\/\/christophe.valmir.name\/wp-content\/uploads\/2019\/10\/image-45-768x178.png 768w, https:\/\/christophe.valmir.name\/wp-content\/uploads\/2019\/10\/image-45.png 1902w\" sizes=\"(max-width: 1024px) 100vw, 1024px\" \/><figcaption>Vue du domaine: bio-normandie.org<\/figcaption><\/figure>\n\n\n\n<figure class=\"wp-block-image\"><img loading=\"lazy\" decoding=\"async\" width=\"774\" height=\"813\" src=\"http:\/\/christophe.valmir.name\/wp-content\/uploads\/2019\/10\/image-46.png\" alt=\"\" class=\"wp-image-453\" srcset=\"https:\/\/christophe.valmir.name\/wp-content\/uploads\/2019\/10\/image-46.png 774w, https:\/\/christophe.valmir.name\/wp-content\/uploads\/2019\/10\/image-46-286x300.png 286w, https:\/\/christophe.valmir.name\/wp-content\/uploads\/2019\/10\/image-46-768x807.png 768w\" sizes=\"(max-width: 774px) 100vw, 774px\" \/><figcaption>Analyse d&rsquo;un rapport journalier<\/figcaption><\/figure>\n\n\n\n<p>Le premier tableau contient les FAIs qui re\u00e7oivent les e-mails. Le tableau du dessous sont les serveurs qui envoi les e-mails. Et la dernier liste est le rapport r\u00e9el de chaque FAI.<\/p>\n\n\n\n<figure class=\"wp-block-image\"><img loading=\"lazy\" decoding=\"async\" width=\"741\" height=\"438\" src=\"http:\/\/christophe.valmir.name\/wp-content\/uploads\/2019\/10\/image-47.png\" alt=\"\" class=\"wp-image-456\" srcset=\"https:\/\/christophe.valmir.name\/wp-content\/uploads\/2019\/10\/image-47.png 741w, https:\/\/christophe.valmir.name\/wp-content\/uploads\/2019\/10\/image-47-300x177.png 300w\" sizes=\"(max-width: 741px) 100vw, 741px\" \/><figcaption>Exemple d&rsquo;un prestataire qui a mal configur\u00e9 son email<\/figcaption><\/figure>\n\n\n\n<figure class=\"wp-block-image\"><img loading=\"lazy\" decoding=\"async\" width=\"822\" height=\"621\" src=\"http:\/\/christophe.valmir.name\/wp-content\/uploads\/2019\/10\/image-48.png\" alt=\"\" class=\"wp-image-458\" srcset=\"https:\/\/christophe.valmir.name\/wp-content\/uploads\/2019\/10\/image-48.png 822w, https:\/\/christophe.valmir.name\/wp-content\/uploads\/2019\/10\/image-48-300x227.png 300w, https:\/\/christophe.valmir.name\/wp-content\/uploads\/2019\/10\/image-48-768x580.png 768w\" sizes=\"(max-width: 822px) 100vw, 822px\" \/><figcaption>Exemple d&rsquo;un prestataire qui usurpe l&rsquo;identit\u00e9 d&rsquo;un client ( un dimanche )<\/figcaption><\/figure>\n","protected":false},"excerpt":{"rendered":"<p>Le logiciel anamail a \u00e9t\u00e9 cr\u00e9\u00e9 en 2015 car je g\u00e9rais beaucoup e-mail. Le logiciel que j&rsquo;ai cr\u00e9\u00e9, a pour but d&rsquo;analyse le nombre e-mail envoy\u00e9 par un domaine et le nombre d&rsquo;usurpation d&rsquo;identit\u00e9 d&rsquo;un domaine. J&rsquo;ai travaill\u00e9 avec yahoo pour corriger certains rapports qu&rsquo;il envoyais qui n\u2019\u00e9tait pas standard. Le premier tableau contient les<\/p>\n<p><a href=\"https:\/\/christophe.valmir.name\/?page_id=450\" class=\"more-link\">Lire la suite<\/a><\/p>\n","protected":false},"author":1,"featured_media":0,"parent":0,"menu_order":0,"comment_status":"closed","ping_status":"closed","template":"","meta":{"footnotes":""},"_links":{"self":[{"href":"https:\/\/christophe.valmir.name\/index.php?rest_route=\/wp\/v2\/pages\/450"}],"collection":[{"href":"https:\/\/christophe.valmir.name\/index.php?rest_route=\/wp\/v2\/pages"}],"about":[{"href":"https:\/\/christophe.valmir.name\/index.php?rest_route=\/wp\/v2\/types\/page"}],"author":[{"embeddable":true,"href":"https:\/\/christophe.valmir.name\/index.php?rest_route=\/wp\/v2\/users\/1"}],"replies":[{"embeddable":true,"href":"https:\/\/christophe.valmir.name\/index.php?rest_route=%2Fwp%2Fv2%2Fcomments&post=450"}],"version-history":[{"count":4,"href":"https:\/\/christophe.valmir.name\/index.php?rest_route=\/wp\/v2\/pages\/450\/revisions"}],"predecessor-version":[{"id":700,"href":"https:\/\/christophe.valmir.name\/index.php?rest_route=\/wp\/v2\/pages\/450\/revisions\/700"}],"wp:attachment":[{"href":"https:\/\/christophe.valmir.name\/index.php?rest_route=%2Fwp%2Fv2%2Fmedia&parent=450"}],"curies":[{"name":"wp","href":"https:\/\/api.w.org\/{rel}","templated":true}]}}