{"id":461,"date":"2019-10-31T17:52:27","date_gmt":"2019-10-31T16:52:27","guid":{"rendered":"http:\/\/christophe.valmir.name\/?page_id=461"},"modified":"2019-11-04T18:26:19","modified_gmt":"2019-11-04T17:26:19","slug":"outils-pour-serveur","status":"publish","type":"page","link":"https:\/\/christophe.valmir.name\/?page_id=461","title":{"rendered":"Outils pour serveur"},"content":{"rendered":"\n<ul><li>backup_sites: programme qui d\u00e9tecte le CMS et fait un backup adapter.<\/li><li>checkBlacklist: V\u00e9rifie si le serveur de e-mail ou le domaine n&rsquo;est pas blacklist dans un RBL.<\/li><li>checkDNSsec: V\u00e9rifie si le domaine est toujours ligne et analyse s&rsquo;il y a un soucis de cl\u00e9 dans le DNSSEC.<\/li><li>checker_bind_dns: Verifie pour un domaine si le serveur mandataire reponds ( maintenant utiliser par centreon )<\/li><li>checkusedprocessor ( v\u00e9rifie si le serveur est satur\u00e9 par un processus).<\/li><li>test_certificat: Test les certificats.<\/li><li>digDnsSec: Outils qui indique ce qu&rsquo;il ne va pas dans la r\u00e9solution DNSSEC.<\/li><li>execDaemon: Cr\u00e9er un service pour un programme ne peut pas s&rsquo;executer en temps que service.<\/li><li>rechercher_extension: Recherche rapide en go des fichiers par extension ( c&rsquo;est terriblement rapide )<\/li><li>reroutage:  outils cr\u00e9er en 2014 qui s\u2019apparente \u00e0 treaffic.<\/li><li>scan_port: Un scan en Go rapide<\/li><li>verification_vhost: V\u00e9rifie dans apache si les enregistements DNS pointe bien sur le serveur apache.<\/li><\/ul>\n","protected":false},"excerpt":{"rendered":"<p>backup_sites: programme qui d\u00e9tecte le CMS et fait un backup adapter. checkBlacklist: V\u00e9rifie si le serveur de e-mail ou le domaine n&rsquo;est pas blacklist dans un RBL. checkDNSsec: V\u00e9rifie si le domaine est toujours ligne et analyse s&rsquo;il y a un soucis de cl\u00e9 dans le DNSSEC. checker_bind_dns: Verifie pour un domaine si le serveur<\/p>\n<p><a href=\"https:\/\/christophe.valmir.name\/?page_id=461\" class=\"more-link\">Lire la suite<\/a><\/p>\n","protected":false},"author":1,"featured_media":0,"parent":387,"menu_order":0,"comment_status":"closed","ping_status":"closed","template":"","meta":{"footnotes":""},"_links":{"self":[{"href":"https:\/\/christophe.valmir.name\/index.php?rest_route=\/wp\/v2\/pages\/461"}],"collection":[{"href":"https:\/\/christophe.valmir.name\/index.php?rest_route=\/wp\/v2\/pages"}],"about":[{"href":"https:\/\/christophe.valmir.name\/index.php?rest_route=\/wp\/v2\/types\/page"}],"author":[{"embeddable":true,"href":"https:\/\/christophe.valmir.name\/index.php?rest_route=\/wp\/v2\/users\/1"}],"replies":[{"embeddable":true,"href":"https:\/\/christophe.valmir.name\/index.php?rest_route=%2Fwp%2Fv2%2Fcomments&post=461"}],"version-history":[{"count":4,"href":"https:\/\/christophe.valmir.name\/index.php?rest_route=\/wp\/v2\/pages\/461\/revisions"}],"predecessor-version":[{"id":518,"href":"https:\/\/christophe.valmir.name\/index.php?rest_route=\/wp\/v2\/pages\/461\/revisions\/518"}],"up":[{"embeddable":true,"href":"https:\/\/christophe.valmir.name\/index.php?rest_route=\/wp\/v2\/pages\/387"}],"wp:attachment":[{"href":"https:\/\/christophe.valmir.name\/index.php?rest_route=%2Fwp%2Fv2%2Fmedia&parent=461"}],"curies":[{"name":"wp","href":"https:\/\/api.w.org\/{rel}","templated":true}]}}