{"id":464,"date":"2019-10-31T19:15:53","date_gmt":"2019-10-31T18:15:53","guid":{"rendered":"http:\/\/christophe.valmir.name\/?page_id=464"},"modified":"2020-07-05T16:36:40","modified_gmt":"2020-07-05T14:36:40","slug":"mailarchiver","status":"publish","type":"page","link":"https:\/\/christophe.valmir.name\/?page_id=464","title":{"rendered":"Mailarchiver ( bloqu\u00e9 en phase 1)"},"content":{"rendered":"\n<p>Mailarchiver est un programme rest\u00e9 sur papier. Il m&rsquo;a \u00e9t\u00e9 beaucoup demand\u00e9 mais faut de commande ferme, il n&rsquo;a pas \u00e9t\u00e9 d\u00e9velopp\u00e9 et il est rest\u00e9 un concepts int\u00e9ressant. Voici ce que fait mailarchiver, il y a 2 principales installation.<\/p>\n\n\n\n<h2 class=\"wp-block-heading\">Installation1<\/h2>\n\n\n\n<p>Mailarchiver est un serveur qui se met entre le serveur <a href=\"https:\/\/www.vadesecure.com\/fr\/\">vadesecure<\/a> et le serveur de client.<\/p>\n\n\n\n<figure class=\"wp-block-image\"><img loading=\"lazy\" decoding=\"async\" width=\"519\" height=\"78\" src=\"http:\/\/christophe.valmir.name\/wp-content\/uploads\/2019\/10\/image-49.png\" alt=\"\" class=\"wp-image-467\" srcset=\"https:\/\/christophe.valmir.name\/wp-content\/uploads\/2019\/10\/image-49.png 519w, https:\/\/christophe.valmir.name\/wp-content\/uploads\/2019\/10\/image-49-300x45.png 300w\" sizes=\"(max-width: 519px) 100vw, 519px\" \/><\/figure>\n\n\n\n<p>Chaque email passe par vadesecure qui filtre les spams efficacement. Puis les e-mails sont envoy\u00e9s \u00e0 mail archiver et mail archiver envoy\u00e9 email au serveur du client.<\/p>\n\n\n\n<h2 class=\"wp-block-heading\">Installation2<\/h2>\n\n\n\n<p>Si le client a postfix, il y a possibilit\u00e9 de faire une copie des email depuis poste fixe.<\/p>\n\n\n\n<figure class=\"wp-block-image\"><img loading=\"lazy\" decoding=\"async\" width=\"511\" height=\"184\" src=\"http:\/\/christophe.valmir.name\/wp-content\/uploads\/2019\/10\/image-50.png\" alt=\"\" class=\"wp-image-468\" srcset=\"https:\/\/christophe.valmir.name\/wp-content\/uploads\/2019\/10\/image-50.png 511w, https:\/\/christophe.valmir.name\/wp-content\/uploads\/2019\/10\/image-50-300x108.png 300w\" sizes=\"(max-width: 511px) 100vw, 511px\" \/><\/figure>\n\n\n\n<p><\/p>\n","protected":false},"excerpt":{"rendered":"<p>Mailarchiver est un programme rest\u00e9 sur papier. Il m&rsquo;a \u00e9t\u00e9 beaucoup demand\u00e9 mais faut de commande ferme, il n&rsquo;a pas \u00e9t\u00e9 d\u00e9velopp\u00e9 et il est rest\u00e9 un concepts int\u00e9ressant. Voici ce que fait mailarchiver, il y a 2 principales installation. Installation1 Mailarchiver est un serveur qui se met entre le serveur vadesecure et le serveur<\/p>\n<p><a href=\"https:\/\/christophe.valmir.name\/?page_id=464\" class=\"more-link\">Lire la suite<\/a><\/p>\n","protected":false},"author":1,"featured_media":0,"parent":387,"menu_order":0,"comment_status":"closed","ping_status":"closed","template":"","meta":{"footnotes":""},"_links":{"self":[{"href":"https:\/\/christophe.valmir.name\/index.php?rest_route=\/wp\/v2\/pages\/464"}],"collection":[{"href":"https:\/\/christophe.valmir.name\/index.php?rest_route=\/wp\/v2\/pages"}],"about":[{"href":"https:\/\/christophe.valmir.name\/index.php?rest_route=\/wp\/v2\/types\/page"}],"author":[{"embeddable":true,"href":"https:\/\/christophe.valmir.name\/index.php?rest_route=\/wp\/v2\/users\/1"}],"replies":[{"embeddable":true,"href":"https:\/\/christophe.valmir.name\/index.php?rest_route=%2Fwp%2Fv2%2Fcomments&post=464"}],"version-history":[{"count":4,"href":"https:\/\/christophe.valmir.name\/index.php?rest_route=\/wp\/v2\/pages\/464\/revisions"}],"predecessor-version":[{"id":642,"href":"https:\/\/christophe.valmir.name\/index.php?rest_route=\/wp\/v2\/pages\/464\/revisions\/642"}],"up":[{"embeddable":true,"href":"https:\/\/christophe.valmir.name\/index.php?rest_route=\/wp\/v2\/pages\/387"}],"wp:attachment":[{"href":"https:\/\/christophe.valmir.name\/index.php?rest_route=%2Fwp%2Fv2%2Fmedia&parent=464"}],"curies":[{"name":"wp","href":"https:\/\/api.w.org\/{rel}","templated":true}]}}