{"id":51,"date":"2019-10-22T16:37:42","date_gmt":"2019-10-22T14:37:42","guid":{"rendered":"http:\/\/christophe.valmir.name\/?page_id=51"},"modified":"2024-06-28T09:33:47","modified_gmt":"2024-06-28T07:33:47","slug":"about","status":"publish","type":"page","link":"https:\/\/christophe.valmir.name\/?page_id=51","title":{"rendered":"CV"},"content":{"rendered":"\n<figure class=\"wp-block-image\"><img loading=\"lazy\" decoding=\"async\" width=\"300\" height=\"225\" src=\"http:\/\/christophe.valmir.name\/wp-content\/uploads\/2019\/10\/20191024_112340-bis-300x225.jpg\" alt=\"\" class=\"wp-image-217\" srcset=\"https:\/\/christophe.valmir.name\/wp-content\/uploads\/2019\/10\/20191024_112340-bis-300x225.jpg 300w, https:\/\/christophe.valmir.name\/wp-content\/uploads\/2019\/10\/20191024_112340-bis-768x576.jpg 768w, https:\/\/christophe.valmir.name\/wp-content\/uploads\/2019\/10\/20191024_112340-bis-1024x768.jpg 1024w\" sizes=\"(max-width: 300px) 100vw, 300px\" \/><\/figure>\n\n\n\n<div class=\"wp-block-columns is-layout-flex wp-container-core-columns-layout-1 wp-block-columns-is-layout-flex\">\n<div class=\"wp-block-column is-vertically-aligned-top is-layout-flow wp-block-column-is-layout-flow\" style=\"flex-basis:100%\">\n<p class=\"has-large-font-size\"><strong>Poste DevOPS<\/strong><\/p>\n\n\n\n<p>linkdin: <a href=\"https:\/\/www.linkedin.com\/in\/christophe-valmir-0261375\/\">https:\/\/www.linkedin.com\/in\/christophe-valmir-0261375\/<\/a><\/p>\n\n\n\n<p>Articles: <a href=\"https:\/\/www.linkedin.com\/in\/christophe-valmir-0261375\/recent-activity\/posts\/\">https:\/\/www.linkedin.com\/in\/christophe-valmir-0261375\/recent-activity\/posts\/<\/a><\/p>\n\n\n\n<p>OS: Linux Redhat\/Ubuntu, openbsd, windows, macOS , Plan9, AIX, QNX<\/p>\n\n\n\n<p>ETL : Usage talend, Nifi<\/p>\n\n\n\n<p>Languages: Golang, perl, C++, JavaScript, python, PHP, Java, bash, PowerShell<\/p>\n\n\n\n<p>Architecture : Intel, ARM (BCM et cortex )<\/p>\n\n\n\n<p>CI: jenkins, gitlab, XL deployed<\/p>\n\n\n\n<p>Sauvegarde: TSM,Acronis, Backblaze et resurexio<\/p>\n\n\n\n<p>Supervision: centreon\/nagios<\/p>\n\n\n\n<p>Base de donn\u00e9es: Mysql, Postgres, Oracle ( notions )<\/p>\n\n\n\n<p>Administration: Docker, Kubernetes, Ssh, OpenLDAP, Kerberos, Apache, Tomcat, Postfix, Squid, HaProxy, centreon, DNS et DNSsec<\/p>\n\n\n\n<p>Cloud: Azure, AWS, alibaba<\/p>\n\n\n\n<p>Virtualisation: ESXI\/VMWARE<\/p>\n\n\n\n<p>Environnement Bigdata: cloudera(anciennement Horton Works)<\/p>\n<\/div>\n\n\n\n<div class=\"wp-block-column is-layout-flow wp-block-column-is-layout-flow\" style=\"flex-basis:100%\">\n<div class=\"col-md-6 col-sm-6 col-xs-12 wow fadeInDown animated animated animated animated animated\" style=\"visibility: visible; animation-delay: 0.4s; animation-name: fadeInDown;\" data-wow-delay=\"0.4s\"> <table width=\"665\" cellspacing=\"0\" cellpadding=\"0\"><colgroup> <col width=\"144\"> <col width=\"309\"> <col width=\"212\"> <\/colgroup> <tbody> <tr valign=\"top\"> \n\n<\/tr><tr valign=\"top\">\n\n<td width=\"144\" height=\"20\">\n<p class=\"western\" align=\"justify\"><span style=\"color: #0070c0;\">\n<b>ATTINEOS INFRA<\/b><\/span><\/p> <p class=\"western\" align=\"justify\">\n<span style=\"color: #0070c0;\"><b>11\/2019<\/b><\/span><\/p> <\/td>\n\n\n<td colspan=\"2\" width=\"521\"> <p>Maintenance des datalakes chez murata<\/p>\n<p>Int\u00e9gr\u00e9 \u00e0 l&rsquo;\u00e9quipe infra de l&rsquo;APAVE, je m&rsquo;occupe de la partie infra de plusieurs projets.<\/p>\n<p>Cours sur les nouvelles technologies dans <b>les grandes \u00e9coles<\/b> ( Bloc chain, Deep Learning, &#8230;)<\/p>\n<p>Echanges avec les entreprises sur ce que pourrait apporter les nouvelles technologies<\/p>\n<br>\n\n<p>Cr\u00e9ation du logciel \u00ab\u00a0visualisationDC\u00a0\u00bb: Outils d\u2019exploitation et de visualisation, issue de <b>BIGDATA<\/b>, qui permet de voir les diff\u00e9rents liens entre les serveurs dans un datacenter d&rsquo;un client.<\/p>\n<p class=\"western\">\n<span style=\"color: #00000a;\"><span style=\"font-family: Calibry, Calibri;\"> <\/span><\/span><\/p> <\/td>\n\n<\/tr>\n\n\n<tr><td width=\"144\" height=\"20\"> <p class=\"western\"><strong><span style=\"color: #0070c0;\">IDESI<\/span><\/strong><\/p> <p><strong><span style=\"color: #0070c0;\">2014<\/span><\/strong><\/p> <\/td> <td colspan=\"2\" width=\"521\">\n\n\n<p class=\"western\" align=\"justify\">\nInstallation d&rsquo;un <b> Keycloak <\/b> connect\u00e9 avec windows server 2022 via ldap \u00e0 travers traefik et authentification sur des applications Golang.\n<\/p>\n\n\n<p class=\"western\" align=\"justify\">\nCr\u00e9ation de <b>Regate<\/b> qui est un logiciel de connexion \u00e0 distance en HTML5\/Go ( <a href=\"https:\/\/github.com\/Archie1978\/regate\"> https:\/\/github.com\/Archie1978\/regate<\/a> )\n<\/p>\n\n\n<p class=\"western\" align=\"justify\"><b>Administration et support <\/b>de 2 environnements Java\/flex au pr\u00e8s d\u2019O-HARAS et la chambre d\u2019agriculture de Normandie ainsi que leurs serveurs.<\/p> <p class=\"western\" align=\"justify\"><b>D\u00e9veloppement<\/b> et C<b>ommercialisation<\/b> de la sauvegarde S\u00e9curis\u00e9 <b>Resurexio<\/b><\/p>\n\n\n<p align=\"justify\"><b>D\u00e9veloppement<\/b> d&rsquo;un firmeware GO\/EXTJS permet des applications performant et rapide \u00e0 d\u00e9velopper.<\/p> <p class=\"western\" align=\"justify\"><b>D\u00e9veloppement<\/b> d\u2019un syst\u00e8me de <b>minage<\/b> et de trading sur les <b>blockchains<\/b> Bitcoin\/Ethereum\/Sia\/Monero. Les mineurs portables sont install\u00e9s dans quelques maisons qui les chauffent pendant hiver.<\/p> <p class=\"western\" align=\"justify\"><b>D\u00e9veloppement<\/b> et <b>Commercialisation<\/b> de la sauvegarde Centralis\u00e9 multi-soci\u00e9t\u00e9 (600 serveurs dans le monde) et \u00e0 bas co\u00fbts.<\/p> <p class=\"western\" align=\"justify\">Mise en place d\u2019unit\u00e9 d\u2019h\u00e9bergement Web sous <b>docker. Cr\u00e9ateur <\/b>du package<b> mailhoneypot_docker.<\/b><\/p> <p class=\"western\" align=\"justify\"><b>Formation<\/b> sur les <b>d\u00e9veloppements<\/b> Javascript\/Go et \u00e0 la <b>s\u00e9curit\u00e9 informatique<\/b> aupr\u00e8s des \u00e9coles et les entreprises.<\/p> <p align=\"justify\">Optimisation des serveurs en vue d&rsquo;optimiser l\u2019\u00e9lectricit\u00e9. Les serveurs \u00e9tant dans un datacenter aliment\u00e9 \u00e0 100% en solaire, m\u00eame la nuit gr\u00e2ce au recyclage de batterie nissan. Bien sur, il y a EDF en secours, ce qui fait 2 sources d\u2019\u00e9nergie.<\/p> <p align=\"justify\"><b>Maintenance<\/b> de 2 logiciels logiciel Java\/flex au pr\u00e8s d\u2019O-HARAS et la chambre d\u2019agriculture de Normandie ainsi que leurs serveurs.<\/p> <\/td> <\/tr> <tr valign=\"top\"> <td width=\"144\" height=\"11\"> <p class=\"western\"><span style=\"color: #0070c0;\"><b>11\/2017<\/b><\/span><\/p> <p class=\"western\"><span style=\"color: #0070c0;\"><b>REDlab<\/b><\/span><\/p> <\/td> <td colspan=\"2\" width=\"521\"> <p class=\"western\" align=\"justify\"><b>Mise en place d\u2019infrastructure blockchain dans un environnement multi-cloud hybride <\/b><i>(On Prem, aws, azure, digital oc\u00e9an), <\/i><b>et automatisation des d\u00e9ploiements.<\/b><\/p> <p class=\"western\" align=\"justify\"><b>D\u00e9ploiement, administration et supervision syst\u00e8mes linux <\/b><i>(50 serveurs)<\/i><b> en environnement de production.<\/b><\/p> <p class=\"western\" align=\"justify\"><b>Hadoop : <\/b><\/p> <ul> <li> <p class=\"western\" align=\"justify\"><i>Mise en place d\u2019un cluster HortonWorks ;<\/i><\/p> <\/li> <li> <p class=\"western\" align=\"justify\"><i>Ingestion de donn\u00e9es NiFi ;<\/i><\/p> <\/li> <li> <p class=\"western\" align=\"justify\"><i>Environnement Moscito.<\/i><\/p> <\/li> <\/ul> <p class=\"western\" align=\"justify\"><b>Docker : <\/b><\/p> <ul> <li> <p class=\"western\" align=\"justify\"><i>Mise en place des repository Docker ;<\/i><\/p> <\/li> <li> <p class=\"western\" align=\"justify\"><i>Cr\u00e9ation et d\u00e9ploiement d\u2019images ;<\/i><\/p> <\/li> <li> <p class=\"western\" align=\"justify\"><i>Supervision des containers ;<\/i><\/p> <\/li> <li> <p class=\"western\" align=\"justify\"><i>Automatisation des d\u00e9ploiements des containers.<\/i><\/p> <\/li> <\/ul> <p class=\"western\" align=\"justify\"><b>Environnement technique : <\/b><\/p> <ul> <li> <p class=\"western\" align=\"justify\">Vmware<\/p> <\/li> <li> <p class=\"western\" align=\"justify\">AWS<\/p> <\/li> <li> <p class=\"western\" align=\"justify\">Microsoft Azure<\/p> <\/li> <li> <p class=\"western\" align=\"justify\">OVH<\/p> <\/li> <li> <p class=\"western\" align=\"justify\">SCALEWAY<\/p> <\/li> <li> <p class=\"western\" align=\"justify\">Digital Ocean<\/p> <\/li> <li> <p class=\"western\" align=\"justify\">Linux (Debian, Ubuntu)<\/p> <\/li> <li> <p class=\"western\" align=\"justify\">Docker<\/p> <\/li> <\/ul> <ul> <li> <p class=\"western\" align=\"justify\">Serveurs Web Apache <\/p> <\/li> <li> <p class=\"western\" align=\"justify\">Proxy Nginx<\/p> <\/li> <li> <p class=\"western\" align=\"justify\"> Let\/sEncrypt <\/p> <\/li> <\/ul> <p class=\"western\"> <\/p> <\/td> <\/tr> <tr valign=\"top\"> <td width=\"144\" height=\"20\"> <p class=\"70c0-western\"><strong><span style=\"color: #0070c0;\">07\/2017 -06\/2019<\/span><\/strong><\/p> <p class=\"70c0-western\"><strong><span style=\"color: #0070c0;\">ASSISOFT<\/span><\/strong><\/p> <p class=\"70c0-western\"><br><br><\/p> <\/td> <td colspan=\"2\" width=\"521\"> <p>Cr\u00e9ation du logiciel WIOT qui permet de suivre une cha\u00eene industrielle via un dashboard.<\/p> <p>Cr\u00e9ation du logiciel WIOT embarqu\u00e9 qui permet d&rsquo;avoir une base sur l\u2019installation IOT.<\/p> <p>Cr\u00e9ation d&rsquo;un bouton interconnect\u00e9 \u00e0 une bloc chain.<\/p> <p>IOTs developp\u00e9s:<\/p> <ul> <li>Tracer INDOOR ( autonomie &gt; 5 ans )<\/li> <li>Tracer GPS OUTDOOR ( autonomie &gt; 10 ans )<\/li> <li>Ventoline Connect\u00e9e autonome<\/li> <li>Acc\u00e9l\u00e9rateur pour du deep-learning<\/li> <li>Capteur de distance via laser<\/li><li>Capteur de pression 150 et 200psi<\/li> <\/ul> <\/td> <\/tr> <tr valign=\"top\"> <td width=\"144\" height=\"12\"> <p class=\"western\"><span style=\"color: #0070c0;\"><b>06\/2011-07\/2014<\/b><\/span><\/p> <p class=\"western\"><span style=\"color: #0070c0;\"><b>SCOP276<\/b><\/span><\/p> <\/td> <td colspan=\"2\" width=\"521\"> <p class=\"western\" align=\"justify\"><span style=\"color: #00000a;\"><b>D\u00e9veloppement <\/b><\/span><span style=\"color: #00000a;\">et<\/span><span style=\"color: #00000a;\"><b> commercialisation <\/b><\/span><span style=\"color: #00000a;\">de la solution \u00ab serveur mail s\u00e9curis\u00e9 \u00bb <\/span><span style=\"color: #00000a;\"><b>SecMail<\/b><\/span><span style=\"color: #00000a;\"> permettant la d\u00e9tection en temps r\u00e9el d<\/span><span style=\"color: #00000a;\"><b>&lsquo;usurpations d&rsquo;identit\u00e9s<\/b><\/span><span style=\"color: #00000a;\">.<\/span><\/p> <p class=\"western\" align=\"justify\"><span style=\"color: #00000a;\">Cr\u00e9ation d&rsquo;une biblioth\u00e8que <\/span><span style=\"color: #00000a;\"><b>DNSSEC<\/b><\/span><span style=\"color: #00000a;\"> en langage Go<br><\/span><\/p> <p align=\"justify\">Cr\u00e9ation de la connexion SSH via PROXY en langage Go<\/p> <p class=\"western\" align=\"justify\"><span style=\"color: #00000a;\"><b>Audit <\/b><\/span><span style=\"color: #00000a;\">du code de la librairie<\/span><span style=\"color: #00000a;\"><b> LibReSSL <\/b><\/span><\/p> <p class=\"western\" align=\"justify\"><span style=\"color: #00000a;\"><b>D\u00e9veloppement <\/b><\/span><span style=\"color: #00000a;\">du logiciel<\/span><span style=\"color: #00000a;\"><b> Transvision <\/b><\/span><span style=\"color: #00000a;\">permettant la communication temps r\u00e9el multiplateformes directement dans le navigateur, avec le protocole WebRTC<\/span><\/p> <p class=\"western\" align=\"justify\"><span style=\"color: #00000a;\"><b>D\u00e9veloppement <\/b><\/span><span style=\"color: #00000a;\">du logiciel<\/span><span style=\"color: #00000a;\"><b> Genessorale : <\/b><\/span><span style=\"color: #00000a;\">Logiciel permettant de faire de la recherche g\u00e9n\u00e9alogie dans des documents index\u00e9s.<\/span><\/p> <p class=\"western\" align=\"justify\"><span style=\"color: #00000a;\"><b>Expertise forensique <\/b><\/span><span style=\"color: #00000a;\">d\u2019un serveur mail<\/span><b> <\/b><span style=\"color: #00000a;\">pour la gendarmerie de Caen.<\/span><\/p> <p class=\"western\" align=\"justify\"><span style=\"color: #00000a;\"><b>Accompagnement au d\u00e9veloppement <\/b><\/span><span style=\"color: #00000a;\">du logiciel de gestion \u00e9quine \u00ab O-Haras \u00bb de la soci\u00e9t\u00e9 <\/span><span style=\"color: #000000;\">Oc\u00e9an informatique.<\/span><\/p> <p> <\/p> <p> <\/p> <\/td> <\/tr>\n\n\n<tr valign=\"top\">\n\n<td width=\"144\" height=\"20\">\n<p class=\"western\" align=\"justify\"><span style=\"color: #0070c0;\">\n<b>09\/2009 \u2013 06\/2011<\/b><\/span><\/p> <p class=\"western\" align=\"justify\">\n<span style=\"color: #0070c0;\"><b>APTUS<\/b><\/span><\/p> <\/td>\n\n\n<td colspan=\"2\" width=\"521\"> <p>Consultant aupr\u00e8s d\u2019Orange Business Services (OBS)<\/p> <p>Maintenance du logiciel de provisionning des produits business du Groupe Orange<\/p> <p class=\"western\"><span style=\"color: #00000a;\"><span style=\"font-family: Calibry, Calibri;\"> <\/span><\/span><\/p> <\/td>\n\n<\/tr>\n\n\n<tr valign=\"top\"> <td width=\"144\" height=\"20\"> <p class=\"western\" align=\"justify\"><span style=\"color: #0070c0;\"><b>02\/2008 \u2013 06\/2010<\/b><\/span><\/p> <p class=\"western\" align=\"justify\"><span style=\"color: #0070c0;\"><b>ATISE<\/b><\/span><\/p> <\/td> <td colspan=\"2\" width=\"521\"> <p class=\"western\" align=\"justify\"><b>Architecte r\u00e9seaux et s\u00e9curit\u00e9 <\/b>pour le stockage s\u00e9curis\u00e9 de donn\u00e9es informatiques.<\/p> <p class=\"western\" align=\"justify\"><span style=\"color: #00000a;\"><b>D\u00e9<\/b><\/span><span style=\"color: #000000;\"><b>veloppement<\/b><\/span><b> <\/b><span style=\"color: #000000;\">d\u2019<\/span><span style=\"color: #000000;\"><b>Atise Safe<\/b><\/span><span style=\"color: #000000;\">, logiciel innovant de s\u00e9curisation de<\/span><b> <\/b><span style=\"color: #000000;\">donn\u00e9es sur cl\u00e9s USB.<\/span><\/p> <\/td> <\/tr> <tr valign=\"top\"> <td width=\"144\" height=\"20\"> <p><strong><span style=\"color: #0070c0;\">2007-2008<\/span><\/strong><\/p> <p><strong><span style=\"color: #0070c0;\">Ind\u00e9pendent<\/span><\/strong><\/p> <\/td> <td colspan=\"2\" width=\"521\"> <p>Maintenance informatique dans diff\u00e9rantes boites.<\/p> <p>D\u00e9veloppement de r\u00e9seaux neuronnales afin de d\u00e9tecter les nouvelles technologies.<\/p> <\/td> <\/tr> <tr valign=\"top\"> <td width=\"144\" height=\"20\"> <p><span style=\"color: #0070c0;\"><strong>2004-2007<\/strong><\/span><\/p> <p><span style=\"color: #0070c0;\"><strong>CNRS\/INRIA<\/strong><\/span><\/p>  <\/td> <td colspan=\"2\" width=\"521\"> <p class=\"western\"><b>Optimisation logiciel sur le logiciel Stanalyst<\/b>, logiciel d&rsquo;analyse de document.<\/p> <p>Cr\u00e9ation d&rsquo;un indexer morphosyntaxique pour le logiciel Stanalyst en espagnol.<\/p> <p>Cr\u00e9ation d&rsquo;un <a href=\"https:\/\/www.cnrtl.fr\/concordance\">concordiantier<\/a> pour  l&rsquo;ATILF.<\/p> <p>Optimisation du logiciel YASS, logiciel d&rsquo;alignement g\u00e9n\u00e9rique.<\/p> <\/td> <\/tr> <tr valign=\"top\"> <td width=\"144\" height=\"20\"> <p><strong><span style=\"color: #0070c0;\">2004<\/span><\/strong><\/p> <p><strong><span style=\"color: #0070c0;\">computacenter<\/span><\/strong><\/p> <\/td> <td colspan=\"2\" width=\"521\"> <p class=\"western\"><span style=\"color: #00000a;\"><span style=\"font-family: Calibry, Calibri;\">Pr\u00e9parateur de serveur en interim chez computacenter.<\/span><\/span><span style=\"color: #00000a;\"><span style=\"font-family: Calibry, Calibri;\"><br><\/span><\/span><\/p> <\/td> <\/tr> <tr valign=\"top\"> <td width=\"144\" height=\"20\"> <p><span style=\"color: #0070c0;\"><strong>2003<\/strong><\/span><\/p> <p><span style=\"color: #0070c0;\"><strong>Allium<\/strong><\/span><\/p> <\/td> <td colspan=\"2\" width=\"521\">Pr\u00e9parateur de serveur\/ordinateur en interim chez Allium.<\/td> <\/tr> <tr valign=\"top\"> <td width=\"144\" height=\"20\"> <p><span style=\"color: #0070c0;\"><strong>2002<\/strong><\/span><\/p> <p><strong><span style=\"color: #0070c0;\">Universit\u00e9 PARIS8<\/span><\/strong><\/p> <\/td> <td colspan=\"2\" width=\"521\"> <p class=\"western\">Cr\u00e9ateur du logiciel IRCFS sous plan9 (sujet de maitrise)<\/p> <\/td> <\/tr> <tr valign=\"top\"> <td width=\"144\" height=\"8\"> <p><strong><span style=\"color: #0070c0;\">05\/2000 &#8211; 08\/2000<br><\/span><\/strong><\/p> <p><strong><span style=\"color: #0070c0;\">LOGATIQUE<\/span><\/strong><\/p> <\/td> <td colspan=\"2\" width=\"521\"> <p>Cr\u00e9ation d&rsquo;un syst\u00e8me permettant de synchroniser les logins\/mots de passe via un arbre LDAP entre les environnements windows, linux et mail.<\/p> <p>Cr\u00e9ation du module PAM_LDAP<\/p> <p>Cr\u00e9ation du module PAM_CHROOT<\/p> <p>Cr\u00e9ation du module de connexion postfix et LDAP<\/p> <\/td> <\/tr> <tr valign=\"top\"> <td width=\"144\" height=\"36\"> <p class=\"western\"><span style=\"color: #0070c0;\"><strong>07\/1999-09\/1999<\/strong><\/span><\/p> <p><span style=\"color: #0070c0;\"><strong>KMPG\/FIDAL<\/strong><\/span><\/p> <\/td> <td colspan=\"2\" width=\"521\"> <p class=\"western\"><span style=\"color: #00000a;\"> <\/span><\/p> Maintenance Informatique de la soci\u00e9t\u00e9 FIDAL<\/td> <\/tr> <tr valign=\"top\"> <td width=\"144\" height=\"24\"> <p><span style=\"color: #0070c0;\">06\/1996-09\/1996<\/span><\/p> <p><span style=\"color: #0070c0;\">SAGEM<\/span><\/p> <\/td> <td colspan=\"2\" width=\"521\"> <p class=\"western\">Cr\u00e9ation d&rsquo;un logiciel de gardiennage sous ACCESS<span style=\"color: #00000a;\"><br><\/span><\/p> <\/td> <\/tr><\/tbody> <\/table> \n<\/div>\n<\/div>\n<\/div>\n\n\n\n<p><\/p>\n","protected":false},"excerpt":{"rendered":"<p>Poste DevOPS linkdin: https:\/\/www.linkedin.com\/in\/christophe-valmir-0261375\/ Articles: https:\/\/www.linkedin.com\/in\/christophe-valmir-0261375\/recent-activity\/posts\/ OS: Linux Redhat\/Ubuntu, openbsd, windows, macOS , Plan9, AIX, QNX ETL : Usage talend, Nifi Languages: Golang, perl, C++, JavaScript, python, PHP, Java, bash, PowerShell Architecture : Intel, ARM (BCM et cortex ) CI: jenkins, gitlab, XL deployed Sauvegarde: TSM,Acronis, Backblaze et resurexio Supervision: centreon\/nagios Base de donn\u00e9es: Mysql,<\/p>\n<p><a href=\"https:\/\/christophe.valmir.name\/?page_id=51\" class=\"more-link\">Lire la suite<\/a><\/p>\n","protected":false},"author":1,"featured_media":0,"parent":0,"menu_order":0,"comment_status":"closed","ping_status":"closed","template":"template\/template-about.php","meta":{"footnotes":""},"_links":{"self":[{"href":"https:\/\/christophe.valmir.name\/index.php?rest_route=\/wp\/v2\/pages\/51"}],"collection":[{"href":"https:\/\/christophe.valmir.name\/index.php?rest_route=\/wp\/v2\/pages"}],"about":[{"href":"https:\/\/christophe.valmir.name\/index.php?rest_route=\/wp\/v2\/types\/page"}],"author":[{"embeddable":true,"href":"https:\/\/christophe.valmir.name\/index.php?rest_route=\/wp\/v2\/users\/1"}],"replies":[{"embeddable":true,"href":"https:\/\/christophe.valmir.name\/index.php?rest_route=%2Fwp%2Fv2%2Fcomments&post=51"}],"version-history":[{"count":42,"href":"https:\/\/christophe.valmir.name\/index.php?rest_route=\/wp\/v2\/pages\/51\/revisions"}],"predecessor-version":[{"id":791,"href":"https:\/\/christophe.valmir.name\/index.php?rest_route=\/wp\/v2\/pages\/51\/revisions\/791"}],"wp:attachment":[{"href":"https:\/\/christophe.valmir.name\/index.php?rest_route=%2Fwp%2Fv2%2Fmedia&parent=51"}],"curies":[{"name":"wp","href":"https:\/\/api.w.org\/{rel}","templated":true}]}}