{"id":608,"date":"2020-04-13T22:07:30","date_gmt":"2020-04-13T20:07:30","guid":{"rendered":"http:\/\/christophe.valmir.name\/?page_id=608"},"modified":"2020-04-13T22:07:31","modified_gmt":"2020-04-13T20:07:31","slug":"projets-de-predilections","status":"publish","type":"page","link":"https:\/\/christophe.valmir.name\/?page_id=608","title":{"rendered":"Projets de pr\u00e9dilections"},"content":{"rendered":"\n<ul><li>Les op\u00e9rations combinatoires<\/li><li>Les projets \u00e9crient en GO :p<\/li><li>Les infrastructures et cha\u00eenes de d\u00e9veloppement<\/li><li>L&rsquo;apprentissage automatiques<\/li><li>Les IOTs embarqu\u00e9s<\/li><li>La cryptographie<\/li><li>Les blockchains<\/li><\/ul>\n","protected":false},"excerpt":{"rendered":"<p>Les op\u00e9rations combinatoires Les projets \u00e9crient en GO :p Les infrastructures et cha\u00eenes de d\u00e9veloppement L&rsquo;apprentissage automatiques Les IOTs embarqu\u00e9s La cryptographie Les blockchains<\/p>\n","protected":false},"author":1,"featured_media":0,"parent":51,"menu_order":0,"comment_status":"closed","ping_status":"closed","template":"","meta":{"footnotes":""},"_links":{"self":[{"href":"https:\/\/christophe.valmir.name\/index.php?rest_route=\/wp\/v2\/pages\/608"}],"collection":[{"href":"https:\/\/christophe.valmir.name\/index.php?rest_route=\/wp\/v2\/pages"}],"about":[{"href":"https:\/\/christophe.valmir.name\/index.php?rest_route=\/wp\/v2\/types\/page"}],"author":[{"embeddable":true,"href":"https:\/\/christophe.valmir.name\/index.php?rest_route=\/wp\/v2\/users\/1"}],"replies":[{"embeddable":true,"href":"https:\/\/christophe.valmir.name\/index.php?rest_route=%2Fwp%2Fv2%2Fcomments&post=608"}],"version-history":[{"count":1,"href":"https:\/\/christophe.valmir.name\/index.php?rest_route=\/wp\/v2\/pages\/608\/revisions"}],"predecessor-version":[{"id":609,"href":"https:\/\/christophe.valmir.name\/index.php?rest_route=\/wp\/v2\/pages\/608\/revisions\/609"}],"up":[{"embeddable":true,"href":"https:\/\/christophe.valmir.name\/index.php?rest_route=\/wp\/v2\/pages\/51"}],"wp:attachment":[{"href":"https:\/\/christophe.valmir.name\/index.php?rest_route=%2Fwp%2Fv2%2Fmedia&parent=608"}],"curies":[{"name":"wp","href":"https:\/\/api.w.org\/{rel}","templated":true}]}}