{"id":628,"date":"2020-05-10T18:35:19","date_gmt":"2020-05-10T16:35:19","guid":{"rendered":"http:\/\/christophe.valmir.name\/?page_id=628"},"modified":"2020-10-22T15:02:21","modified_gmt":"2020-10-22T13:02:21","slug":"blacksia-box-la-box-media-sur-blockchain","status":"publish","type":"page","link":"https:\/\/christophe.valmir.name\/?page_id=628","title":{"rendered":"BlackSia Box: La Box m\u00e9dia sur blockchain (en cours)"},"content":{"rendered":"\n<figure class=\"wp-block-image size-large\"><img loading=\"lazy\" decoding=\"async\" width=\"1024\" height=\"728\" src=\"https:\/\/christophe.valmir.name\/wp-content\/uploads\/2020\/05\/image-1024x728.png\" alt=\"\" class=\"wp-image-625\" srcset=\"https:\/\/christophe.valmir.name\/wp-content\/uploads\/2020\/05\/image-1024x728.png 1024w, https:\/\/christophe.valmir.name\/wp-content\/uploads\/2020\/05\/image-300x213.png 300w, https:\/\/christophe.valmir.name\/wp-content\/uploads\/2020\/05\/image-768x546.png 768w, https:\/\/christophe.valmir.name\/wp-content\/uploads\/2020\/05\/image.png 1496w\" sizes=\"(max-width: 1024px) 100vw, 1024px\" \/><figcaption>Black-Sia Box<\/figcaption><\/figure>\n\n\n\n<p>La blackSia box est une box qui permet de voir des vid\u00e9os. La box entre en exp\u00e9rimentation en juin 2020. Que permet-elle de faire ?<\/p>\n\n\n\n<ul><li>Lire les vid\u00e9os en streaming en 4K ( avec l&rsquo;ajout d&rsquo;un ventilateur, je ne pas tester plus haut )<\/li><li>Stocker les vid\u00e9os<\/li><\/ul>\n\n\n\n<p>Vous allez nous dire encore un appareillage de streaming alors que j&rsquo;ai netflix ? Et je peux stocker mes donn\u00e9es sur picasa.<\/p>\n\n\n\n<p>La box est connect\u00e9e sur la blockchain SIA. C&rsquo;est une blockchain sp\u00e9cialis\u00e9e sur le stockage et le streaming. Gr\u00e2ce \u00e0 la blockchain,  vous savez exactement o\u00f9 sont vos donn\u00e9es et o\u00f9 en est la duplication ( \u00e0 l&rsquo;inverse des autres h\u00e9bergeurs qui se basent sur la confiance ).<\/p>\n\n\n\n<p>Les avantages :<\/p>\n\n\n\n<ul><li>Les donn\u00e9es sont crypt\u00e9es \u00e0 la source<\/li><li>Les donn\u00e9es sont envoy\u00e9es \u00e0 plusieurs prestataires et d\u00e9coup\u00e9es en morceaux. Du coups aucun h\u00e9bergeur \u00e0 la totalit\u00e9 des donn\u00e9es chiffr\u00e9es.<\/li><li>Les donn\u00e9es sont au minimum doubl\u00e9s et vous pouvez le v\u00e9rifier.<\/li><li>Qui dit multi h\u00e9bergeur, dit aucun risque de perdre ses donn\u00e9es en cas de faillite d&rsquo;un h\u00e9bergeur.<\/li><li>Une bande passante maximum: Dans un syst\u00e8me traditionnelle, la bande passante est assur\u00e9e par l\u2019h\u00e9bergeur. L\u2019h\u00e9bergeur peut diminuer la bande passante (<a href=\"https:\/\/www.ouest-france.fr\/medias\/television\/series\/comment-netflix-pourrait-etre-en-danger-cause-du-coronavirus-6816780\">https:\/\/www.ouest-france.fr\/medias\/television\/series\/comment-netflix-pourrait-etre-en-danger-cause-du-coronavirus-6816780<\/a> ou google qui diminue discr\u00e8tement si vous t\u00e9l\u00e9chargez trop).<\/li><li>La Box ne faire confiance \u00e0 aucune infra structure car elle utilise \u00e9cosyst\u00e8me de la blockchain SIA, aucun https comme par exemple les autres syst\u00e8mes.<\/li><li>Le prix est inf\u00e9rieur \u00e0 tous les autres h\u00e9bergeurs actuellement. Exemple sous scaleway: 40\u20ac\/To\/mois, l\u00e0 je paye environs 2\u20ac\/To (juin 2020).<\/li><li>Vous savez exactement o\u00f9 sont vos donn\u00e9es, a l&rsquo;inverse des syst\u00e8mes actuel.<\/li><\/ul>\n\n\n\n<p>Liste des h\u00e9bergeurs:<\/p>\n\n\n\n<figure class=\"wp-block-image size-large\"><img loading=\"lazy\" decoding=\"async\" width=\"1024\" height=\"460\" src=\"https:\/\/christophe.valmir.name\/wp-content\/uploads\/2020\/05\/image-2-1024x460.png\" alt=\"\" class=\"wp-image-629\" srcset=\"https:\/\/christophe.valmir.name\/wp-content\/uploads\/2020\/05\/image-2-1024x460.png 1024w, https:\/\/christophe.valmir.name\/wp-content\/uploads\/2020\/05\/image-2-300x135.png 300w, https:\/\/christophe.valmir.name\/wp-content\/uploads\/2020\/05\/image-2-768x345.png 768w, https:\/\/christophe.valmir.name\/wp-content\/uploads\/2020\/05\/image-2.png 1142w\" sizes=\"(max-width: 1024px) 100vw, 1024px\" \/><\/figure>\n\n\n\n<figure class=\"wp-block-image size-large\"><img loading=\"lazy\" decoding=\"async\" width=\"1024\" height=\"768\" src=\"https:\/\/christophe.valmir.name\/wp-content\/uploads\/2020\/10\/20200701_144414-1024x768.jpg\" alt=\"\" class=\"wp-image-713\" srcset=\"https:\/\/christophe.valmir.name\/wp-content\/uploads\/2020\/10\/20200701_144414-1024x768.jpg 1024w, https:\/\/christophe.valmir.name\/wp-content\/uploads\/2020\/10\/20200701_144414-300x225.jpg 300w, https:\/\/christophe.valmir.name\/wp-content\/uploads\/2020\/10\/20200701_144414-768x576.jpg 768w, https:\/\/christophe.valmir.name\/wp-content\/uploads\/2020\/10\/20200701_144414.jpg 1210w\" sizes=\"(max-width: 1024px) 100vw, 1024px\" \/><figcaption>Nouvelle version a gauche<\/figcaption><\/figure>\n\n\n\n<figure class=\"wp-block-image size-large\"><img loading=\"lazy\" decoding=\"async\" width=\"1024\" height=\"768\" src=\"https:\/\/christophe.valmir.name\/wp-content\/uploads\/2020\/10\/20200617_222623-1024x768.jpg\" alt=\"\" class=\"wp-image-714\" srcset=\"https:\/\/christophe.valmir.name\/wp-content\/uploads\/2020\/10\/20200617_222623-1024x768.jpg 1024w, https:\/\/christophe.valmir.name\/wp-content\/uploads\/2020\/10\/20200617_222623-300x225.jpg 300w, https:\/\/christophe.valmir.name\/wp-content\/uploads\/2020\/10\/20200617_222623-768x576.jpg 768w, https:\/\/christophe.valmir.name\/wp-content\/uploads\/2020\/10\/20200617_222623.jpg 1210w\" sizes=\"(max-width: 1024px) 100vw, 1024px\" \/><\/figure>\n","protected":false},"excerpt":{"rendered":"<p>La blackSia box est une box qui permet de voir des vid\u00e9os. La box entre en exp\u00e9rimentation en juin 2020. Que permet-elle de faire ? Lire les vid\u00e9os en streaming en 4K ( avec l&rsquo;ajout d&rsquo;un ventilateur, je ne pas tester plus haut ) Stocker les vid\u00e9os Vous allez nous dire encore un appareillage de<\/p>\n<p><a href=\"https:\/\/christophe.valmir.name\/?page_id=628\" class=\"more-link\">Lire la suite<\/a><\/p>\n","protected":false},"author":1,"featured_media":0,"parent":95,"menu_order":0,"comment_status":"closed","ping_status":"closed","template":"","meta":{"footnotes":""},"_links":{"self":[{"href":"https:\/\/christophe.valmir.name\/index.php?rest_route=\/wp\/v2\/pages\/628"}],"collection":[{"href":"https:\/\/christophe.valmir.name\/index.php?rest_route=\/wp\/v2\/pages"}],"about":[{"href":"https:\/\/christophe.valmir.name\/index.php?rest_route=\/wp\/v2\/types\/page"}],"author":[{"embeddable":true,"href":"https:\/\/christophe.valmir.name\/index.php?rest_route=\/wp\/v2\/users\/1"}],"replies":[{"embeddable":true,"href":"https:\/\/christophe.valmir.name\/index.php?rest_route=%2Fwp%2Fv2%2Fcomments&post=628"}],"version-history":[{"count":12,"href":"https:\/\/christophe.valmir.name\/index.php?rest_route=\/wp\/v2\/pages\/628\/revisions"}],"predecessor-version":[{"id":715,"href":"https:\/\/christophe.valmir.name\/index.php?rest_route=\/wp\/v2\/pages\/628\/revisions\/715"}],"up":[{"embeddable":true,"href":"https:\/\/christophe.valmir.name\/index.php?rest_route=\/wp\/v2\/pages\/95"}],"wp:attachment":[{"href":"https:\/\/christophe.valmir.name\/index.php?rest_route=%2Fwp%2Fv2%2Fmedia&parent=628"}],"curies":[{"name":"wp","href":"https:\/\/api.w.org\/{rel}","templated":true}]}}