{"id":95,"date":"2019-10-22T21:26:21","date_gmt":"2019-10-22T19:26:21","guid":{"rendered":"http:\/\/christophe.valmir.name\/?page_id=95"},"modified":"2019-10-30T11:08:12","modified_gmt":"2019-10-30T10:08:12","slug":"sauvegardes","status":"publish","type":"page","link":"https:\/\/christophe.valmir.name\/?page_id=95","title":{"rendered":"Sauvegardes"},"content":{"rendered":"\n<p>La sauvegarde est un sujet que j&rsquo;ai d\u00e9velopp\u00e9 avec un ami en 2006.<\/p>\n\n\n\n<p>Les probl\u00e9matiques ont \u00e9voluer en un peu plus de 10ans. En 2006, le cloud \u00e9tait au d\u00e9but de sa commercialisation. Nous avions d\u00e9cid\u00e9 de commencer par la sauvegarde de cl\u00e9 USB en synchronisant la cl\u00e9 USB et un ordinateur, voir 2 ordinateurs entre eux.<\/p>\n\n\n\n<p>En 2009, l&rsquo;arriver de drop-box a chang\u00e9 les enjeux. Nous avions orient\u00e9 le produit de sauvegarde tr\u00e8s s\u00e9curis\u00e9s, une ma\u00eetrise de A \u00e0 Z puis nous avons ajout\u00e9 un volet \u00e9cologique en choisissant un datacenter  proche des clients, \u00e9cologique ( la chaleur  \u00e9tait redistribu\u00e9 dans les entreprises proches) et redondant.<\/p>\n\n\n\n<p>En 2017, nous avons d\u00e9m\u00e9nag\u00e9 le datacenter pour un plus performant ( \u00e9cologiquement ) avec pour \u00e9nergie principal \u00ab\u00a0le solaire\u00a0\u00bb et les batteries de voiture Nissan usag\u00e9es.<\/p>\n\n\n\n<p>L&rsquo;id\u00e9e de la solution est de d\u00e9velopper des datacenters redondant synchronis\u00e9s dans la m\u00eame r\u00e9gion.<\/p>\n\n\n\n<p>En 2020, les sauvegardes commencent \u00e0 s&rsquo;orienter vers de la blockchain. C&rsquo;est uberisation de la sauvegarde avec de la sauvegarde crypt\u00e9e, multi continental et d\u00e9coup\u00e9.<\/p>\n","protected":false},"excerpt":{"rendered":"<p>La sauvegarde est un sujet que j&rsquo;ai d\u00e9velopp\u00e9 avec un ami en 2006. Les probl\u00e9matiques ont \u00e9voluer en un peu plus de 10ans. En 2006, le cloud \u00e9tait au d\u00e9but de sa commercialisation. Nous avions d\u00e9cid\u00e9 de commencer par la sauvegarde de cl\u00e9 USB en synchronisant la cl\u00e9 USB et un ordinateur, voir 2 ordinateurs<\/p>\n<p><a href=\"https:\/\/christophe.valmir.name\/?page_id=95\" class=\"more-link\">Lire la suite<\/a><\/p>\n","protected":false},"author":1,"featured_media":0,"parent":53,"menu_order":0,"comment_status":"closed","ping_status":"closed","template":"","meta":{"footnotes":""},"_links":{"self":[{"href":"https:\/\/christophe.valmir.name\/index.php?rest_route=\/wp\/v2\/pages\/95"}],"collection":[{"href":"https:\/\/christophe.valmir.name\/index.php?rest_route=\/wp\/v2\/pages"}],"about":[{"href":"https:\/\/christophe.valmir.name\/index.php?rest_route=\/wp\/v2\/types\/page"}],"author":[{"embeddable":true,"href":"https:\/\/christophe.valmir.name\/index.php?rest_route=\/wp\/v2\/users\/1"}],"replies":[{"embeddable":true,"href":"https:\/\/christophe.valmir.name\/index.php?rest_route=%2Fwp%2Fv2%2Fcomments&post=95"}],"version-history":[{"count":5,"href":"https:\/\/christophe.valmir.name\/index.php?rest_route=\/wp\/v2\/pages\/95\/revisions"}],"predecessor-version":[{"id":343,"href":"https:\/\/christophe.valmir.name\/index.php?rest_route=\/wp\/v2\/pages\/95\/revisions\/343"}],"up":[{"embeddable":true,"href":"https:\/\/christophe.valmir.name\/index.php?rest_route=\/wp\/v2\/pages\/53"}],"wp:attachment":[{"href":"https:\/\/christophe.valmir.name\/index.php?rest_route=%2Fwp%2Fv2%2Fmedia&parent=95"}],"curies":[{"name":"wp","href":"https:\/\/api.w.org\/{rel}","templated":true}]}}